{"id":795,"date":"2015-03-10T15:20:35","date_gmt":"2015-03-10T14:20:35","guid":{"rendered":"https:\/\/segwaytours.lu\/?page_id=795"},"modified":"2020-06-29T12:08:28","modified_gmt":"2020-06-29T10:08:28","slug":"luxemburg-night","status":"publish","type":"page","link":"https:\/\/segwaytours.lu\/?page_id=795","title":{"rendered":"Luxemburg by Night"},"content":{"rendered":"<p><strong>Entdecken Sie die Luxemburgische Hauptstadt w\u00e4hrend einer n\u00e4chtlichen Segway Fahrt!<\/strong><\/p>\n<p>Die Tour startet am Park Am\u00e9lie und f\u00fchrt \u00fcber den Kirchberg, den Grund und die Altstadt, und f\u00fchrt durch die Parks der Stadt Luxemburg zur\u00fcck zum Startort. All dies k\u00f6nnen sie in einer 120 Min\u00fctigen Tour entdecken.<\/p>\n<style> \/* simple flat #1032 *\/#ptp-1032{border-color:#ddd;padding:0;margin-left:0;margin-right:0}#ptp-1032 div.ptp-item-container{border-radius:0}#ptp-1032 div.ptp-item-container div{margin:0}#ptp-1032 .ptp-highlight div.ptp-item-container{border-color:#ddd}#ptp-1032 div.ptp-plan{border-top-right-radius:0;border-top-left-radius:0;font-size:1em;border-color:#ddd;background-color:#ddd;color:#333;padding:.9375em 1.25em}#ptp-1032 div.ptp-plan .has-tip{border-bottom:dotted 1px #333;color:#333}#ptp-1032 .ptp-highlight div.ptp-plan{border-color:#ddd;background-color:#ddd;color:#333}#ptp-1032 .ptp-highlight div.ptp-plan .has-tip{border-bottom:dotted 1px #333;color:#333}#ptp-1032 div.ptp-price{font-size:1.25em;background-color:#eee;color:#333;padding:.9375em 1.25em}#ptp-1032 div.ptp-price .has-tip{border-bottom:dotted 1px #333;color:#333}#ptp-1032 .ptp-highlight div.ptp-price{background-color:#eee;color:#333}#ptp-1032 .ptp-highlight div.ptp-price .has-tip{border-bottom:dotted 1px #333;color:#333}#ptp-1032 div.ptp-cta{border-bottom-right-radius:0;border-bottom-left-radius:0;background-color:#eee;padding-top:1.25em;padding-bottom:1.25em}#ptp-1032 .ptp-highlight div.ptp-cta{background-color:#eee}#ptp-1032 a.ptp-button{border-radius:0;font-size:1em;color:#fff;background-color:#3498db;border-bottom:#2980b9 4px solid;margin:0}#ptp-1032 a.ptp-button .has-tip,#ptp-1032 a.ptp-button:hover .has-tip{border-bottom:dotted 1px #fff;color:#fff}#ptp-1032 a.ptp-button:hover{background-color:#2980b9}#ptp-1032 div.ptp-bullet-item{color:#333;background-color:#fff;font-size:.875em;border-color:#ddd;padding:.9375em .5em .9375em .5em}#ptp-1032 .ptp-highlight .ptp-bullet-item{color:#333;border-color:#ddd;background-color:#fff}#ptp-1032 .ptp-highlight a.ptp-button{color:#fff;background-color:#e74c3c;border-bottom:#c0392b 4px solid}#ptp-1032 .ptp-highlight a.ptp-button:hover{background-color:#c0392b}#ptp-1032 .ptp-highlight a.ptp-button .has-tip{border-bottom:dotted 1px #fff;color:#fff}#ptp-1032 div.ptp-most-popular{border-radius:0;font-size:.9em;background-color:#7f8c8d;color:#fff;border:1px solid #7f8c8d}#ptp-1032 .ptp-col{padding-left:0;padding-right:0;margin-left:0}#ptp-1032 div.ptp-most-popular{margin-bottom:0}#ptp-1032 div.ptp-not-most-popular{margin-bottom:2px}#ptp-1032.ptp-pricing-table{margin-top:30px}#ptp-1032 div.ptp-item-container{margin:0}#ptp-1032.ptp-pricing-table .ptp-col{-moz-transition:all 0.2s linear;-ms-transition:all 0.2s linear;-o-transition:all 0.2s linear;-webkit-transition:all 0.2s linear;transition:all 0.2s linear;margin-bottom:30px}#ptp-1032.ptp-pricing-table .ptp-col:hover{margin-top:-20px!important;margin-bottom:10px}#ptp-1032.ptp-pricing-table .ptp-col .ptp-cta{-moz-transition:all 0.2s linear;-ms-transition:all 0.2s linear;-o-transition:all 0.2s linear;-webkit-transition:all 0.2s linear;transition:all 0.2s linear}#ptp-1032.ptp-pricing-table .ptp-col:hover .ptp-cta{padding-top:40px !important;padding-bottom:40px !important}\/* end of simple flat #1032 *\/<\/style>        <script type=\"text\/javascript\">\n         jQuery(document).ready(function($) {\n            jQuery.call_match_height_1032 = function call_match_height_design1(ptp_id) {\n                                $( ptp_id+' .ptp-plan' ).matchHeight(false); \n                                $( ptp_id+' .ptp-cta' ).matchHeight(false); \n                                $( ptp_id+' .ptp-price' ).matchHeight(false);\n                                $( ptp_id+' .ptp-button' ).matchHeight(false);\n\n                                $( ptp_id+' .ptp-bullet-item' ).each(function( index ){\n                                    $( ptp_id+' .ptp-row-id-'+index ).matchHeight(false);\n             \n                                });  \n                         }\n            var ptp_id = '#ptp-'+1032 ;\n            $.call_match_height_1032 ( ptp_id );              \n         });\n      <\/script>\n      \n        <div id=\"ptp-1032\" class=\"ptp-pricing-table\" ><div class=\"ptp-col ptp-eight-col  ptp-col-id-0 dh-ptp-col-id-0\"><div class=\"ptp-not-most-popular\">&nbsp;<\/div><div class=\"ptp-item-container\"><div class=\"ptp-plan\">1 pax<\/div><div class=\"ptp-price\">75,00\u20ac<\/div><div class=\"ptp-bullet-item ptp-row-id-0\">- Abfahrt ab Parking 1 Coque -Kirchberg\r<\/div><div class=\"ptp-bullet-item ptp-row-id-1\">- Basisformation inklusive (10 Min.)\r<\/div><div class=\"ptp-bullet-item ptp-row-id-2\">- Dauer 120 Min.\r<\/div><div class=\"ptp-cta\"><a class=\"ptp-button ptp-checkout-button\" id=\"ptp-1032-cta-0\"  href=\"https:\/\/segwaytours.lu\/kalender-reservationen\/\" target=\"_blank\">BOOK<\/a><\/div><\/div><\/div><div class=\"ptp-col ptp-eight-col  ptp-col-id-1 dh-ptp-col-id-1\"><div class=\"ptp-not-most-popular\">&nbsp;<\/div><div class=\"ptp-item-container\"><div class=\"ptp-plan\">2 pax<\/div><div class=\"ptp-price\">150,00\u20ac<\/div><div class=\"ptp-bullet-item ptp-row-id-0\">- Abfahrt ab Parking 1 Coque -Kirchberg\r<\/div><div class=\"ptp-bullet-item ptp-row-id-1\">- Basisformation inklusive (10 Min.)\r<\/div><div class=\"ptp-bullet-item ptp-row-id-2\">- Dauer 120 Min.\r<\/div><div class=\"ptp-cta\"><a class=\"ptp-button ptp-checkout-button\" id=\"ptp-1032-cta-1\"  href=\"https:\/\/segwaytours.lu\/kalender-reservationen\/\" target=\"_blank\">BOOK<\/a><\/div><\/div><\/div><div class=\"ptp-col ptp-eight-col  ptp-col-id-2 dh-ptp-col-id-2\"><div class=\"ptp-not-most-popular\">&nbsp;<\/div><div class=\"ptp-item-container\"><div class=\"ptp-plan\">3 pax<\/div><div class=\"ptp-price\">225,00\u20ac<\/div><div class=\"ptp-bullet-item ptp-row-id-0\">- Abfahrt ab Parking 1 Coque -Kirchberg\r<\/div><div class=\"ptp-bullet-item ptp-row-id-1\">- Basisformation inklusive (10 Min.)\r<\/div><div class=\"ptp-bullet-item ptp-row-id-2\">- Dauer 120 Min.<\/div><div class=\"ptp-cta\"><a class=\"ptp-button ptp-checkout-button\" id=\"ptp-1032-cta-2\"  href=\"https:\/\/segwaytours.lu\/kalender-reservationen\/\" target=\"_blank\">BOOK<\/a><\/div><\/div><\/div><div class=\"ptp-col ptp-eight-col  ptp-col-id-3 dh-ptp-col-id-3\"><div class=\"ptp-not-most-popular\">&nbsp;<\/div><div class=\"ptp-item-container\"><div class=\"ptp-plan\">4 pax<\/div><div class=\"ptp-price\">288,00\u20ac<\/div><div class=\"ptp-bullet-item ptp-row-id-0\">- Abfahrt ab Parking 1 Coque -Kirchberg\r<\/div><div class=\"ptp-bullet-item ptp-row-id-1\">- Basisformation inklusive (10 Min.)\r<\/div><div class=\"ptp-bullet-item ptp-row-id-2\">- Dauer 120 Min.<\/div><div class=\"ptp-cta\"><a class=\"ptp-button ptp-checkout-button\" id=\"ptp-1032-cta-3\"  href=\"https:\/\/segwaytours.lu\/kalender-reservationen\/\" target=\"_blank\">BOOK<\/a><\/div><\/div><\/div><div class=\"ptp-col ptp-eight-col  ptp-col-id-4 dh-ptp-col-id-4\"><div class=\"ptp-not-most-popular\">&nbsp;<\/div><div class=\"ptp-item-container\"><div class=\"ptp-plan\">5 pax<\/div><div class=\"ptp-price\">352,50\u20ac<\/div><div class=\"ptp-bullet-item ptp-row-id-0\">- Abfahrt ab Parking 1 Coque -Kirchberg\r<\/div><div class=\"ptp-bullet-item ptp-row-id-1\">- Basisformation inklusive (10 Min.)\r<\/div><div class=\"ptp-bullet-item ptp-row-id-2\">- Dauer 120 Min.<\/div><div class=\"ptp-cta\"><a class=\"ptp-button ptp-checkout-button\" id=\"ptp-1032-cta-4\"  href=\"https:\/\/segwaytours.lu\/kalender-reservationen\/\" target=\"_blank\">BOOK<\/a><\/div><\/div><\/div><div class=\"ptp-col ptp-eight-col  ptp-col-id-5 dh-ptp-col-id-5\"><div class=\"ptp-not-most-popular\">&nbsp;<\/div><div class=\"ptp-item-container\"><div class=\"ptp-plan\">6 pax<\/div><div class=\"ptp-price\">418,50\u20ac<\/div><div class=\"ptp-bullet-item ptp-row-id-0\">- Abfahrt ab Parking 1 Coque -Kirchberg\r<\/div><div class=\"ptp-bullet-item ptp-row-id-1\">- Basisformation inklusive (10 Min.)\r<\/div><div class=\"ptp-bullet-item ptp-row-id-2\">- Dauer 120 Min.<\/div><div class=\"ptp-cta\"><a class=\"ptp-button ptp-checkout-button\" id=\"ptp-1032-cta-5\"  href=\"https:\/\/segwaytours.lu\/kalender-reservationen\/\" target=\"_blank\">BOOK<\/a><\/div><\/div><\/div><div class=\"ptp-col ptp-eight-col  ptp-col-id-6 dh-ptp-col-id-6\"><div class=\"ptp-not-most-popular\">&nbsp;<\/div><div class=\"ptp-item-container\"><div class=\"ptp-plan\">7 pax<\/div><div class=\"ptp-price\">483,00\u20ac<\/div><div class=\"ptp-bullet-item ptp-row-id-0\">- Abfahrt ab Parking 1 Coque -Kirchberg\r<\/div><div class=\"ptp-bullet-item ptp-row-id-1\">- Basisformation inklusive (10 Min.)\r<\/div><div class=\"ptp-bullet-item ptp-row-id-2\">- Dauer 120 Min.<\/div><div class=\"ptp-cta\"><a class=\"ptp-button ptp-checkout-button\" id=\"ptp-1032-cta-6\"  href=\"https:\/\/segwaytours.lu\/kalender-reservationen\/\" target=\"_blank\">BOOK<\/a><\/div><\/div><\/div><div class=\"ptp-col ptp-eight-col ptp-highlight ptp-col-id-7 dh-ptp-col-id-7\"><div class=\"ptp-most-popular\">Most Popular<\/div><div class=\"ptp-item-container\"><div class=\"ptp-plan\">8 pax<\/div><div class=\"ptp-price\">540,00\u20ac<\/div><div class=\"ptp-bullet-item ptp-row-id-0\">- Abfahrt ab Parking 1 Coque -Kirchberg\r<\/div><div class=\"ptp-bullet-item ptp-row-id-1\">- Basisformation inklusive (10 Min.)\r<\/div><div class=\"ptp-bullet-item ptp-row-id-2\">- Dauer 120 Min.<\/div><div class=\"ptp-cta\"><a class=\"ptp-button ptp-checkout-button\" id=\"ptp-1032-cta-7\"  href=\"https:\/\/segwaytours.lu\/kalender-reservationen\/\" target=\"_blank\">BOOK<\/a><\/div><\/div><\/div><\/div>\n<hr \/>\n<div id=\"eo_fullcalendar_1_loading\" class=\"eo-fullcalendar-loading\" ><img decoding=\"async\" src=\"https:\/\/segwaytours.lu\/wp-content\/plugins\/event-organiser\/css\/images\/loading-image.gif\" class=\"eo-fullcalendar-loading-icon\" alt=\"Chargement&#8230;\" \/> Chargement&#8230;<\/div><div class=\"eo-fullcalendar eo-fullcalendar-shortcode eo-fullcalendar-reset eo-fullcalendar-responsive\" id=\"eo_fullcalendar_1\"><\/div>\n","protected":false},"excerpt":{"rendered":"<p>Entdecken Sie die Luxemburgische Hauptstadt w\u00e4hrend einer n\u00e4chtlichen Segway Fahrt! Die Tour startet am Park Am\u00e9lie und f\u00fchrt \u00fcber den Kirchberg, den Grund und die Altstadt, und f\u00fchrt durch die Parks der Stadt Luxemburg zur\u00fcck zum Startort. All dies k\u00f6nnen sie in einer 120 Min\u00fctigen Tour entdecken.<\/p>\n","protected":false},"author":2,"featured_media":0,"parent":0,"menu_order":0,"comment_status":"closed","ping_status":"open","template":"","meta":{"jetpack_post_was_ever_published":false,"footnotes":""},"class_list":["post-795","page","type-page","status-publish","hentry"],"yoast_head":"<!-- This site is optimized with the Yoast SEO plugin v23.4 - https:\/\/yoast.com\/wordpress\/plugins\/seo\/ -->\n<title>Luxemburg by Night - Segwaytours.lu<\/title>\n<meta name=\"robots\" content=\"index, follow, max-snippet:-1, max-image-preview:large, max-video-preview:-1\" \/>\n<link rel=\"canonical\" href=\"https:\/\/segwaytours.lu\/?page_id=795\" \/>\n<meta property=\"og:locale\" content=\"fr_FR\" \/>\n<meta property=\"og:type\" content=\"article\" \/>\n<meta property=\"og:title\" content=\"Luxemburg by Night - Segwaytours.lu\" \/>\n<meta property=\"og:description\" content=\"Entdecken Sie die Luxemburgische Hauptstadt w\u00e4hrend einer n\u00e4chtlichen Segway Fahrt! Die Tour startet am Park Am\u00e9lie und f\u00fchrt \u00fcber den Kirchberg, den Grund und die Altstadt, und f\u00fchrt durch die Parks der Stadt Luxemburg zur\u00fcck zum Startort. All dies k\u00f6nnen sie in einer 120 Min\u00fctigen Tour entdecken.\" \/>\n<meta property=\"og:url\" content=\"https:\/\/segwaytours.lu\/?page_id=795\" \/>\n<meta property=\"og:site_name\" content=\"Segwaytours.lu\" \/>\n<meta property=\"article:modified_time\" content=\"2020-06-29T10:08:28+00:00\" \/>\n<script type=\"application\/ld+json\" class=\"yoast-schema-graph\">{\"@context\":\"https:\/\/schema.org\",\"@graph\":[{\"@type\":\"WebPage\",\"@id\":\"https:\/\/segwaytours.lu\/?page_id=795\",\"url\":\"https:\/\/segwaytours.lu\/?page_id=795\",\"name\":\"Luxemburg by Night - Segwaytours.lu\",\"isPartOf\":{\"@id\":\"https:\/\/segwaytours.lu\/#website\"},\"datePublished\":\"2015-03-10T14:20:35+00:00\",\"dateModified\":\"2020-06-29T10:08:28+00:00\",\"breadcrumb\":{\"@id\":\"https:\/\/segwaytours.lu\/?page_id=795#breadcrumb\"},\"inLanguage\":\"fr-FR\",\"potentialAction\":[{\"@type\":\"ReadAction\",\"target\":[\"https:\/\/segwaytours.lu\/?page_id=795\"]}]},{\"@type\":\"BreadcrumbList\",\"@id\":\"https:\/\/segwaytours.lu\/?page_id=795#breadcrumb\",\"itemListElement\":[{\"@type\":\"ListItem\",\"position\":1,\"name\":\"Home\",\"item\":\"https:\/\/segwaytours.lu\/\"},{\"@type\":\"ListItem\",\"position\":2,\"name\":\"Luxemburg by Night\"}]},{\"@type\":\"WebSite\",\"@id\":\"https:\/\/segwaytours.lu\/#website\",\"url\":\"https:\/\/segwaytours.lu\/\",\"name\":\"Segwaytours.lu\",\"description\":\"Segwaytours Luxembourg\",\"potentialAction\":[{\"@type\":\"SearchAction\",\"target\":{\"@type\":\"EntryPoint\",\"urlTemplate\":\"https:\/\/segwaytours.lu\/?s={search_term_string}\"},\"query-input\":{\"@type\":\"PropertyValueSpecification\",\"valueRequired\":true,\"valueName\":\"search_term_string\"}}],\"inLanguage\":\"fr-FR\"}]}<\/script>\n<!-- \/ Yoast SEO plugin. -->","yoast_head_json":{"title":"Luxemburg by Night - Segwaytours.lu","robots":{"index":"index","follow":"follow","max-snippet":"max-snippet:-1","max-image-preview":"max-image-preview:large","max-video-preview":"max-video-preview:-1"},"canonical":"https:\/\/segwaytours.lu\/?page_id=795","og_locale":"fr_FR","og_type":"article","og_title":"Luxemburg by Night - Segwaytours.lu","og_description":"Entdecken Sie die Luxemburgische Hauptstadt w\u00e4hrend einer n\u00e4chtlichen Segway Fahrt! Die Tour startet am Park Am\u00e9lie und f\u00fchrt \u00fcber den Kirchberg, den Grund und die Altstadt, und f\u00fchrt durch die Parks der Stadt Luxemburg zur\u00fcck zum Startort. All dies k\u00f6nnen sie in einer 120 Min\u00fctigen Tour entdecken.","og_url":"https:\/\/segwaytours.lu\/?page_id=795","og_site_name":"Segwaytours.lu","article_modified_time":"2020-06-29T10:08:28+00:00","schema":{"@context":"https:\/\/schema.org","@graph":[{"@type":"WebPage","@id":"https:\/\/segwaytours.lu\/?page_id=795","url":"https:\/\/segwaytours.lu\/?page_id=795","name":"Luxemburg by Night - Segwaytours.lu","isPartOf":{"@id":"https:\/\/segwaytours.lu\/#website"},"datePublished":"2015-03-10T14:20:35+00:00","dateModified":"2020-06-29T10:08:28+00:00","breadcrumb":{"@id":"https:\/\/segwaytours.lu\/?page_id=795#breadcrumb"},"inLanguage":"fr-FR","potentialAction":[{"@type":"ReadAction","target":["https:\/\/segwaytours.lu\/?page_id=795"]}]},{"@type":"BreadcrumbList","@id":"https:\/\/segwaytours.lu\/?page_id=795#breadcrumb","itemListElement":[{"@type":"ListItem","position":1,"name":"Home","item":"https:\/\/segwaytours.lu\/"},{"@type":"ListItem","position":2,"name":"Luxemburg by Night"}]},{"@type":"WebSite","@id":"https:\/\/segwaytours.lu\/#website","url":"https:\/\/segwaytours.lu\/","name":"Segwaytours.lu","description":"Segwaytours Luxembourg","potentialAction":[{"@type":"SearchAction","target":{"@type":"EntryPoint","urlTemplate":"https:\/\/segwaytours.lu\/?s={search_term_string}"},"query-input":{"@type":"PropertyValueSpecification","valueRequired":true,"valueName":"search_term_string"}}],"inLanguage":"fr-FR"}]}},"jetpack_sharing_enabled":true,"jetpack_shortlink":"https:\/\/wp.me\/Pat8jx-cP","_links":{"self":[{"href":"https:\/\/segwaytours.lu\/index.php?rest_route=\/wp\/v2\/pages\/795"}],"collection":[{"href":"https:\/\/segwaytours.lu\/index.php?rest_route=\/wp\/v2\/pages"}],"about":[{"href":"https:\/\/segwaytours.lu\/index.php?rest_route=\/wp\/v2\/types\/page"}],"author":[{"embeddable":true,"href":"https:\/\/segwaytours.lu\/index.php?rest_route=\/wp\/v2\/users\/2"}],"replies":[{"embeddable":true,"href":"https:\/\/segwaytours.lu\/index.php?rest_route=%2Fwp%2Fv2%2Fcomments&post=795"}],"version-history":[{"count":7,"href":"https:\/\/segwaytours.lu\/index.php?rest_route=\/wp\/v2\/pages\/795\/revisions"}],"predecessor-version":[{"id":3812,"href":"https:\/\/segwaytours.lu\/index.php?rest_route=\/wp\/v2\/pages\/795\/revisions\/3812"}],"wp:attachment":[{"href":"https:\/\/segwaytours.lu\/index.php?rest_route=%2Fwp%2Fv2%2Fmedia&parent=795"}],"curies":[{"name":"wp","href":"https:\/\/api.w.org\/{rel}","templated":true}]}}