{"id":655,"date":"2015-02-19T16:31:20","date_gmt":"2015-02-19T15:31:20","guid":{"rendered":"https:\/\/segwaytours.lu\/?page_id=655"},"modified":"2022-07-13T10:52:21","modified_gmt":"2022-07-13T08:52:21","slug":"home-de","status":"publish","type":"page","link":"https:\/\/segwaytours.lu\/?page_id=655","title":{"rendered":""},"content":{"rendered":"<h3 style=\"text-align: center;\"><em><strong>Willkommen auf Segwaytours.lu!<\/strong><\/em><\/h3>\n<p style=\"text-align: center;\">Segwaytours bietet Touren in ORIGINAL GEL\u00c4NDEF\u00c4HIGEN SEGWAYS !<\/p>\n<p style=\"text-align: center;\">Mit dem April k\u00fcndigt sich auch wieder der Fr\u00fchling an. Die Tage werden l\u00e4nger, die Natur wacht auf, und wenn die Sonne scheint sind alle Zutaten f\u00fcr einen perfekten Ausflug mit gel\u00e4ndef\u00e4higen Segways gegeben.<\/p>\n<p style=\"text-align: center;\">Unsere Ausbilder bieten Ihnen Touren an folgenden Tagen an:<\/p>\n<hr \/>\n<h5 style=\"text-align: center;\"><em>In der Woche im Bamb\u00ebsch ab Strassen<br \/>\n<\/em><\/h5>\n<h5 style=\"text-align: center;\"><em>An Wochenenden und Feiertagen: In der puren Natur von Fond-de-Gras, im Naturschutzgebiet Ellergronn in Esch-sur-Alzette, in den Weinbergen in Remich, in Dudelange oder auch in Steinsel\u00a0 (Ausschlie\u00dflich f\u00fcr fortgeschrittene Fahrer)<\/em><\/h5>\n<h5 style=\"text-align: center;\"><em>Und Mittwoch Abends, von April bis September, k\u00f6nnen sie unsere Hauptstadt nachts entdecken (oder wiederentdecken): Luxembourg by Night!<\/em><\/h5>\n<hr \/>\n<p style=\"text-align: center;\">Die Nutzung von Segways ist derma\u00dfen intuitiv, dass eine zehn-min\u00fctige Einleitung bereits reicht um an unseren Fahrten teilnehmen zu k\u00f6nnen. Aber Sie sind nie alleine! Unsere Ausbilder stehen Ihnen stets zur Verf\u00fcgung um Ihnen zu helfen, zur Seite zu stehen und zu begleiten! Unsere langj\u00e4hrige Erfahrung ist ein unschlagbarer Vorteil, und wir garantieren Ihnen dass Sie sich zu jeder Zeit voll auf das Freiheitsgef\u00fchl und die Freude die beim Fahren eines Segways entsteht, konzentrieren k\u00f6nnen! Sie sind bei uns in besten H\u00e4nden, und fahren mit der besten Technik.<\/p>\n<p style=\"text-align: center;\"><strong>NEUIGKEITEN<\/strong><\/p>\n<p>01.07.2022 &#8211; Gesundheitsvorschriften COVID-19: Derzeit sind keine Gesundheitsvorschriften in Kraft. Wir empfehlen jedoch weiterhin Distanzierung, die Verwendung von hydroalkoholischem Gel und das Tragen von Masken, wo es n\u00f6tig ist.<\/p>\n<p>01.07.2022 Bald wird ein neuer Offroad-Parcours enth\u00fcllt<\/p>\n<p style=\"text-align: center;\">Wir freuen uns auf Sie!<\/p>\n<p style=\"text-align: center;\">Ihr Segwaytours.lu Team<\/p>\n","protected":false},"excerpt":{"rendered":"<p>Willkommen auf Segwaytours.lu! Segwaytours bietet Touren in ORIGINAL GEL\u00c4NDEF\u00c4HIGEN SEGWAYS ! Mit dem April k\u00fcndigt sich auch wieder der Fr\u00fchling an. Die Tage werden l\u00e4nger, die Natur wacht auf, und wenn die Sonne scheint sind alle Zutaten f\u00fcr einen perfekten Ausflug mit gel\u00e4ndef\u00e4higen Segways gegeben. Unsere Ausbilder bieten Ihnen Touren an folgenden Tagen an: In [&hellip;]<\/p>\n","protected":false},"author":2,"featured_media":0,"parent":0,"menu_order":0,"comment_status":"closed","ping_status":"closed","template":"","meta":{"jetpack_post_was_ever_published":false,"footnotes":""},"class_list":["post-655","page","type-page","status-publish","hentry"],"yoast_head":"<!-- This site is optimized with the Yoast SEO plugin v23.4 - https:\/\/yoast.com\/wordpress\/plugins\/seo\/ -->\n<title>- Segwaytours.lu<\/title>\n<meta name=\"robots\" content=\"index, follow, max-snippet:-1, max-image-preview:large, max-video-preview:-1\" \/>\n<link rel=\"canonical\" href=\"https:\/\/segwaytours.lu\/?page_id=655\" \/>\n<meta property=\"og:locale\" content=\"fr_FR\" \/>\n<meta property=\"og:type\" content=\"article\" \/>\n<meta property=\"og:title\" content=\"- Segwaytours.lu\" \/>\n<meta property=\"og:description\" content=\"Willkommen auf Segwaytours.lu! Segwaytours bietet Touren in ORIGINAL GEL\u00c4NDEF\u00c4HIGEN SEGWAYS ! Mit dem April k\u00fcndigt sich auch wieder der Fr\u00fchling an. Die Tage werden l\u00e4nger, die Natur wacht auf, und wenn die Sonne scheint sind alle Zutaten f\u00fcr einen perfekten Ausflug mit gel\u00e4ndef\u00e4higen Segways gegeben. Unsere Ausbilder bieten Ihnen Touren an folgenden Tagen an: In [&hellip;]\" \/>\n<meta property=\"og:url\" content=\"https:\/\/segwaytours.lu\/?page_id=655\" \/>\n<meta property=\"og:site_name\" content=\"Segwaytours.lu\" \/>\n<meta property=\"article:modified_time\" content=\"2022-07-13T08:52:21+00:00\" \/>\n<meta name=\"twitter:label1\" content=\"Dur\u00e9e de lecture estim\u00e9e\" \/>\n\t<meta name=\"twitter:data1\" content=\"2 minutes\" \/>\n<script type=\"application\/ld+json\" class=\"yoast-schema-graph\">{\"@context\":\"https:\/\/schema.org\",\"@graph\":[{\"@type\":\"WebPage\",\"@id\":\"https:\/\/segwaytours.lu\/?page_id=655\",\"url\":\"https:\/\/segwaytours.lu\/?page_id=655\",\"name\":\"- Segwaytours.lu\",\"isPartOf\":{\"@id\":\"https:\/\/segwaytours.lu\/#website\"},\"datePublished\":\"2015-02-19T15:31:20+00:00\",\"dateModified\":\"2022-07-13T08:52:21+00:00\",\"inLanguage\":\"fr-FR\",\"potentialAction\":[{\"@type\":\"ReadAction\",\"target\":[\"https:\/\/segwaytours.lu\/?page_id=655\"]}]},{\"@type\":\"WebSite\",\"@id\":\"https:\/\/segwaytours.lu\/#website\",\"url\":\"https:\/\/segwaytours.lu\/\",\"name\":\"Segwaytours.lu\",\"description\":\"Segwaytours Luxembourg\",\"potentialAction\":[{\"@type\":\"SearchAction\",\"target\":{\"@type\":\"EntryPoint\",\"urlTemplate\":\"https:\/\/segwaytours.lu\/?s={search_term_string}\"},\"query-input\":{\"@type\":\"PropertyValueSpecification\",\"valueRequired\":true,\"valueName\":\"search_term_string\"}}],\"inLanguage\":\"fr-FR\"}]}<\/script>\n<!-- \/ Yoast SEO plugin. -->","yoast_head_json":{"title":"- Segwaytours.lu","robots":{"index":"index","follow":"follow","max-snippet":"max-snippet:-1","max-image-preview":"max-image-preview:large","max-video-preview":"max-video-preview:-1"},"canonical":"https:\/\/segwaytours.lu\/?page_id=655","og_locale":"fr_FR","og_type":"article","og_title":"- Segwaytours.lu","og_description":"Willkommen auf Segwaytours.lu! Segwaytours bietet Touren in ORIGINAL GEL\u00c4NDEF\u00c4HIGEN SEGWAYS ! Mit dem April k\u00fcndigt sich auch wieder der Fr\u00fchling an. Die Tage werden l\u00e4nger, die Natur wacht auf, und wenn die Sonne scheint sind alle Zutaten f\u00fcr einen perfekten Ausflug mit gel\u00e4ndef\u00e4higen Segways gegeben. Unsere Ausbilder bieten Ihnen Touren an folgenden Tagen an: In [&hellip;]","og_url":"https:\/\/segwaytours.lu\/?page_id=655","og_site_name":"Segwaytours.lu","article_modified_time":"2022-07-13T08:52:21+00:00","twitter_misc":{"Dur\u00e9e de lecture estim\u00e9e":"2 minutes"},"schema":{"@context":"https:\/\/schema.org","@graph":[{"@type":"WebPage","@id":"https:\/\/segwaytours.lu\/?page_id=655","url":"https:\/\/segwaytours.lu\/?page_id=655","name":"- Segwaytours.lu","isPartOf":{"@id":"https:\/\/segwaytours.lu\/#website"},"datePublished":"2015-02-19T15:31:20+00:00","dateModified":"2022-07-13T08:52:21+00:00","inLanguage":"fr-FR","potentialAction":[{"@type":"ReadAction","target":["https:\/\/segwaytours.lu\/?page_id=655"]}]},{"@type":"WebSite","@id":"https:\/\/segwaytours.lu\/#website","url":"https:\/\/segwaytours.lu\/","name":"Segwaytours.lu","description":"Segwaytours Luxembourg","potentialAction":[{"@type":"SearchAction","target":{"@type":"EntryPoint","urlTemplate":"https:\/\/segwaytours.lu\/?s={search_term_string}"},"query-input":{"@type":"PropertyValueSpecification","valueRequired":true,"valueName":"search_term_string"}}],"inLanguage":"fr-FR"}]}},"jetpack_sharing_enabled":true,"jetpack_shortlink":"https:\/\/wp.me\/Pat8jx-az","_links":{"self":[{"href":"https:\/\/segwaytours.lu\/index.php?rest_route=\/wp\/v2\/pages\/655"}],"collection":[{"href":"https:\/\/segwaytours.lu\/index.php?rest_route=\/wp\/v2\/pages"}],"about":[{"href":"https:\/\/segwaytours.lu\/index.php?rest_route=\/wp\/v2\/types\/page"}],"author":[{"embeddable":true,"href":"https:\/\/segwaytours.lu\/index.php?rest_route=\/wp\/v2\/users\/2"}],"replies":[{"embeddable":true,"href":"https:\/\/segwaytours.lu\/index.php?rest_route=%2Fwp%2Fv2%2Fcomments&post=655"}],"version-history":[{"count":11,"href":"https:\/\/segwaytours.lu\/index.php?rest_route=\/wp\/v2\/pages\/655\/revisions"}],"predecessor-version":[{"id":4279,"href":"https:\/\/segwaytours.lu\/index.php?rest_route=\/wp\/v2\/pages\/655\/revisions\/4279"}],"wp:attachment":[{"href":"https:\/\/segwaytours.lu\/index.php?rest_route=%2Fwp%2Fv2%2Fmedia&parent=655"}],"curies":[{"name":"wp","href":"https:\/\/api.w.org\/{rel}","templated":true}]}}