{"id":542,"date":"2015-02-18T17:35:15","date_gmt":"2015-02-18T16:35:15","guid":{"rendered":"https:\/\/segwaytours.lu\/?page_id=542"},"modified":"2022-07-13T10:49:45","modified_gmt":"2022-07-13T08:49:45","slug":"cadeaux","status":"publish","type":"page","link":"https:\/\/segwaytours.lu\/?page_id=542","title":{"rendered":"Ch\u00e8ques-cadeaux"},"content":{"rendered":"<h4 style=\"text-align: center;\">En panne d&#8217;id\u00e9e de cadeau ?:<\/h4>\n<h4 style=\"text-align: center;\">Offrez un ch\u00e8que-cadeau de Segwaytours.lu! Une bonne id\u00e9e pour toutes occasions!<\/h4>\n<hr \/>\n<h4 style=\"text-align: center;\">Ch\u00e8ques-cadeaux \u00e0 valoir sur toutes nos balades:<\/h4>\n<p style=\"text-align: center;\"><style> \/* simple flat #1661 *\/#ptp-1661{border-color:#ddd;padding:0;margin-left:0;margin-right:0}#ptp-1661 div.ptp-item-container{border-radius:0}#ptp-1661 div.ptp-item-container div{margin:0}#ptp-1661 .ptp-highlight div.ptp-item-container{border-color:#ddd}#ptp-1661 div.ptp-plan{border-top-right-radius:0;border-top-left-radius:0;font-size:1em;border-color:#ddd;background-color:#ddd;color:#333;padding:.9375em 1.25em}#ptp-1661 div.ptp-plan .has-tip{border-bottom:dotted 1px #333;color:#333}#ptp-1661 .ptp-highlight div.ptp-plan{border-color:#ddd;background-color:#ddd;color:#333}#ptp-1661 .ptp-highlight div.ptp-plan .has-tip{border-bottom:dotted 1px #333;color:#333}#ptp-1661 div.ptp-price{font-size:1.25em;background-color:#eee;color:#333;padding:.9375em 1.25em}#ptp-1661 div.ptp-price .has-tip{border-bottom:dotted 1px #333;color:#333}#ptp-1661 .ptp-highlight div.ptp-price{background-color:#eee;color:#333}#ptp-1661 .ptp-highlight div.ptp-price .has-tip{border-bottom:dotted 1px #333;color:#333}#ptp-1661 div.ptp-cta{border-bottom-right-radius:0;border-bottom-left-radius:0;background-color:#eee;padding-top:1.25em;padding-bottom:1.25em}#ptp-1661 .ptp-highlight div.ptp-cta{background-color:#eee}#ptp-1661 a.ptp-button{border-radius:0;font-size:1em;color:#fff;background-color:#3498db;border-bottom:#2980b9 4px solid;margin:0}#ptp-1661 a.ptp-button .has-tip,#ptp-1661 a.ptp-button:hover .has-tip{border-bottom:dotted 1px #fff;color:#fff}#ptp-1661 a.ptp-button:hover{background-color:#2980b9}#ptp-1661 div.ptp-bullet-item{color:#333;background-color:#fff;font-size:.875em;border-color:#ddd;padding:.9375em .5em .9375em .5em}#ptp-1661 .ptp-highlight .ptp-bullet-item{color:#333;border-color:#ddd;background-color:#fff}#ptp-1661 .ptp-highlight a.ptp-button{color:#fff;background-color:#e74c3c;border-bottom:#c0392b 4px solid}#ptp-1661 .ptp-highlight a.ptp-button:hover{background-color:#c0392b}#ptp-1661 .ptp-highlight a.ptp-button .has-tip{border-bottom:dotted 1px #fff;color:#fff}#ptp-1661 div.ptp-most-popular{border-radius:0;font-size:.9em;background-color:#7f8c8d;color:#fff;border:1px solid #7f8c8d}\/* end of simple flat #1661 *\/<\/style>        <script type=\"text\/javascript\">\n         jQuery(document).ready(function($) {\n            jQuery.call_match_height_1661 = function call_match_height_design1(ptp_id) {\n                                $( ptp_id+' .ptp-plan' ).matchHeight(false); \n                                $( ptp_id+' .ptp-cta' ).matchHeight(false); \n                                $( ptp_id+' .ptp-price' ).matchHeight(false);\n                                $( ptp_id+' .ptp-button' ).matchHeight(false);\n\n                                $( ptp_id+' .ptp-bullet-item' ).each(function( index ){\n                                    $( ptp_id+' .ptp-row-id-'+index ).matchHeight(false);\n             \n                                });  \n                         }\n            var ptp_id = '#ptp-'+1661 ;\n            $.call_match_height_1661 ( ptp_id );              \n         });\n      <\/script>\n      \n        <div id=\"ptp-1661\" class=\"ptp-pricing-table\" ><div class=\"ptp-col ptp-five-col  ptp-col-id-0 dh-ptp-col-id-0\"><div class=\"ptp-not-most-popular\">&nbsp;<\/div><div class=\"ptp-item-container\"><div class=\"ptp-plan\"><\/div><div class=\"ptp-price\">25,00 \u20ac<\/div><div class=\"ptp-bullet-item ptp-row-id-0\">Ch\u00e8que-cadeau \u00e0 valoir sur toutes nos balades<\/div><div class=\"ptp-cta\"><a class=\"ptp-button ptp-checkout-button\" id=\"ptp-1661-cta-0\"  href=\"https:\/\/segwaytours.lu\/?event=cheques\" >R\u00e9servation<\/a><\/div><\/div><\/div><div class=\"ptp-col ptp-five-col  ptp-col-id-1 dh-ptp-col-id-1\"><div class=\"ptp-not-most-popular\">&nbsp;<\/div><div class=\"ptp-item-container\"><div class=\"ptp-plan\"><\/div><div class=\"ptp-price\">40,00 \u20ac<\/div><div class=\"ptp-bullet-item ptp-row-id-0\">Ch\u00e8que-cadeau \u00e0 valoir sur toutes nos balades<\/div><div class=\"ptp-cta\"><a class=\"ptp-button ptp-checkout-button\" id=\"ptp-1661-cta-1\"  href=\"https:\/\/segwaytours.lu\/?event=cheques\" >R\u00e9servation<\/a><\/div><\/div><\/div><div class=\"ptp-col ptp-five-col  ptp-col-id-2 dh-ptp-col-id-2\"><div class=\"ptp-not-most-popular\">&nbsp;<\/div><div class=\"ptp-item-container\"><div class=\"ptp-plan\"><\/div><div class=\"ptp-price\">50,00 \u20ac<\/div><div class=\"ptp-bullet-item ptp-row-id-0\">Ch\u00e8que-cadeau \u00e0 valoir sur toutes nos balades<\/div><div class=\"ptp-cta\"><a class=\"ptp-button ptp-checkout-button\" id=\"ptp-1661-cta-2\"  href=\"https:\/\/segwaytours.lu\/?event=cheques\" >R\u00e9servation<\/a><\/div><\/div><\/div><div class=\"ptp-col ptp-five-col  ptp-col-id-3 dh-ptp-col-id-3\"><div class=\"ptp-not-most-popular\">&nbsp;<\/div><div class=\"ptp-item-container\"><div class=\"ptp-plan\"><\/div><div class=\"ptp-price\">75,00 \u20ac<\/div><div class=\"ptp-bullet-item ptp-row-id-0\">Ch\u00e8que-cadeau \u00e0 valoir sur toutes nos balades<\/div><div class=\"ptp-cta\"><a class=\"ptp-button ptp-checkout-button\" id=\"ptp-1661-cta-3\"  href=\"https:\/\/segwaytours.lu\/?event=cheques\" >R\u00e9servation<\/a><\/div><\/div><\/div><div class=\"ptp-col ptp-five-col  ptp-col-id-4 dh-ptp-col-id-4\"><div class=\"ptp-not-most-popular\">&nbsp;<\/div><div class=\"ptp-item-container\"><div class=\"ptp-plan\"><\/div><div class=\"ptp-price\">100,00 \u20ac<\/div><div class=\"ptp-bullet-item ptp-row-id-0\">Ch\u00e8que-cadeau \u00e0 valoir sur toutes nos balades<\/div><div class=\"ptp-cta\"><a class=\"ptp-button ptp-checkout-button\" id=\"ptp-1661-cta-4\"  href=\"https:\/\/segwaytours.lu\/?event=cheques\" >R\u00e9servation<\/a><\/div><\/div><\/div><\/div><\/p>\n<hr \/>\n<h4 style=\"text-align: center;\">Bons cadeaux:<\/h4>\n<p style=\"text-align: center;\"><style> \/* simple flat #2200 *\/#ptp-2200{border-color:#ddd;padding:0;margin-left:0;margin-right:0}#ptp-2200 div.ptp-item-container{border-radius:0}#ptp-2200 div.ptp-item-container div{margin:0}#ptp-2200 .ptp-highlight div.ptp-item-container{border-color:#ddd}#ptp-2200 div.ptp-plan{border-top-right-radius:0;border-top-left-radius:0;font-size:1em;border-color:#ddd;background-color:#ddd;color:#333;padding:.9375em 1.25em}#ptp-2200 div.ptp-plan .has-tip{border-bottom:dotted 1px #333;color:#333}#ptp-2200 .ptp-highlight div.ptp-plan{border-color:#ddd;background-color:#ddd;color:#333}#ptp-2200 .ptp-highlight div.ptp-plan .has-tip{border-bottom:dotted 1px #333;color:#333}#ptp-2200 div.ptp-price{font-size:1.25em;background-color:#eee;color:#333;padding:.9375em 1.25em}#ptp-2200 div.ptp-price .has-tip{border-bottom:dotted 1px #333;color:#333}#ptp-2200 .ptp-highlight div.ptp-price{background-color:#eee;color:#333}#ptp-2200 .ptp-highlight div.ptp-price .has-tip{border-bottom:dotted 1px #333;color:#333}#ptp-2200 div.ptp-cta{border-bottom-right-radius:0;border-bottom-left-radius:0;background-color:#eee;padding-top:1.25em;padding-bottom:1.25em}#ptp-2200 .ptp-highlight div.ptp-cta{background-color:#eee}#ptp-2200 a.ptp-button{border-radius:0;font-size:1em;color:#fff;background-color:#3498db;border-bottom:#2980b9 4px solid;margin:0}#ptp-2200 a.ptp-button .has-tip,#ptp-2200 a.ptp-button:hover .has-tip{border-bottom:dotted 1px #fff;color:#fff}#ptp-2200 a.ptp-button:hover{background-color:#2980b9}#ptp-2200 div.ptp-bullet-item{color:#333;background-color:#fff;font-size:.875em;border-color:#ddd;padding:.9375em .5em .9375em .5em}#ptp-2200 .ptp-highlight .ptp-bullet-item{color:#333;border-color:#ddd;background-color:#fff}#ptp-2200 .ptp-highlight a.ptp-button{color:#fff;background-color:#e74c3c;border-bottom:#c0392b 4px solid}#ptp-2200 .ptp-highlight a.ptp-button:hover{background-color:#c0392b}#ptp-2200 .ptp-highlight a.ptp-button .has-tip{border-bottom:dotted 1px #fff;color:#fff}#ptp-2200 div.ptp-most-popular{border-radius:0;font-size:.9em;background-color:#7f8c8d;color:#fff;border:1px solid #7f8c8d}\/* end of simple flat #2200 *\/<\/style>        <script type=\"text\/javascript\">\n         jQuery(document).ready(function($) {\n            jQuery.call_match_height_2200 = function call_match_height_design1(ptp_id) {\n                                $( ptp_id+' .ptp-plan' ).matchHeight(false); \n                                $( ptp_id+' .ptp-cta' ).matchHeight(false); \n                                $( ptp_id+' .ptp-price' ).matchHeight(false);\n                                $( ptp_id+' .ptp-button' ).matchHeight(false);\n\n                                $( ptp_id+' .ptp-bullet-item' ).each(function( index ){\n                                    $( ptp_id+' .ptp-row-id-'+index ).matchHeight(false);\n             \n                                });  \n                         }\n            var ptp_id = '#ptp-'+2200 ;\n            $.call_match_height_2200 ( ptp_id );              \n         });\n      <\/script>\n      \n        <div id=\"ptp-2200\" class=\"ptp-pricing-table\" ><div class=\"ptp-col ptp-three-col  ptp-col-id-0 dh-ptp-col-id-0\"><div class=\"ptp-not-most-popular\">&nbsp;<\/div><div class=\"ptp-item-container\"><div class=\"ptp-plan\"><\/div><div class=\"ptp-price\">65,00 \u20ac<\/div><div class=\"ptp-bullet-item ptp-row-id-0\">Balade de 90 min en week-end et jours f\u00e9ri\u00e9s<\/div><div class=\"ptp-cta\"><a class=\"ptp-button ptp-checkout-button\" id=\"ptp-2200-cta-0\"  href=\"https:\/\/segwaytours.lu\/?event=cheques\" >R\u00e9servation<\/a><\/div><\/div><\/div><div class=\"ptp-col ptp-three-col  ptp-col-id-1 dh-ptp-col-id-1\"><div class=\"ptp-not-most-popular\">&nbsp;<\/div><div class=\"ptp-item-container\"><div class=\"ptp-plan\"><\/div><div class=\"ptp-price\">70,00 \u20ac<\/div><div class=\"ptp-bullet-item ptp-row-id-0\">Balade de 120 min en week-end et jours f\u00e9ri\u00e9s <\/div><div class=\"ptp-cta\"><a class=\"ptp-button ptp-checkout-button\" id=\"ptp-2200-cta-1\"  href=\"https:\/\/segwaytours.lu\/?event=chequescheques\/\" >R\u00e9servation<\/a><\/div><\/div><\/div><div class=\"ptp-col ptp-three-col  ptp-col-id-2 dh-ptp-col-id-2\"><div class=\"ptp-not-most-popular\">&nbsp;<\/div><div class=\"ptp-item-container\"><div class=\"ptp-plan\"><\/div><div class=\"ptp-price\">75,00 \u20ac<\/div><div class=\"ptp-bullet-item ptp-row-id-0\">Balade \"Luxembourg by night\" en saison 1 fois par semaine entre avril et septembre. Dates disponibles sur notre site - 120 minutes  <\/div><div class=\"ptp-cta\"><a class=\"ptp-button ptp-checkout-button\" id=\"ptp-2200-cta-2\"  href=\"https:\/\/segwaytours.lu\/?event=chequesheques\/\" >R\u00e9servation<\/a><\/div><\/div><\/div><\/div><\/p>\n<h3 style=\"text-align: center;\"><a title=\"Bon cadeau segway\" href=\"https:\/\/segwaytours.lu\/events\/event\/cheques\/\" target=\"_blank\" rel=\"noopener\">Cliquez ici pour passer commande.<\/a><\/h3>\n\n\n<p><\/p>\n","protected":false},"excerpt":{"rendered":"<p>En panne d&#8217;id\u00e9e de cadeau ?: Offrez un ch\u00e8que-cadeau de Segwaytours.lu! Une bonne id\u00e9e pour toutes occasions! Ch\u00e8ques-cadeaux \u00e0 valoir sur toutes nos balades: Bons cadeaux: Cliquez ici pour passer commande.<\/p>\n","protected":false},"author":2,"featured_media":0,"parent":0,"menu_order":0,"comment_status":"closed","ping_status":"open","template":"","meta":{"jetpack_post_was_ever_published":false,"footnotes":""},"class_list":["post-542","page","type-page","status-publish","hentry"],"yoast_head":"<!-- This site is optimized with the Yoast SEO plugin v23.4 - https:\/\/yoast.com\/wordpress\/plugins\/seo\/ -->\n<title>Bon cadeau Segwaytours.lu<\/title>\n<meta name=\"description\" content=\"Bon Cadeau Segwaytours.lu: Une bonne id\u00e9e pour toute occasion! Bons cadeaux pour Tours Segway au Luxembourg.\" \/>\n<meta name=\"robots\" content=\"index, follow, max-snippet:-1, max-image-preview:large, max-video-preview:-1\" \/>\n<link rel=\"canonical\" href=\"https:\/\/segwaytours.lu\/?page_id=542\" \/>\n<meta property=\"og:locale\" content=\"fr_FR\" \/>\n<meta property=\"og:type\" content=\"article\" \/>\n<meta property=\"og:title\" content=\"Bon cadeau Segwaytours.lu\" \/>\n<meta property=\"og:description\" content=\"Bon Cadeau Segwaytours.lu: Une bonne id\u00e9e pour toute occasion! Bons cadeaux pour Tours Segway au Luxembourg.\" \/>\n<meta property=\"og:url\" content=\"https:\/\/segwaytours.lu\/?page_id=542\" \/>\n<meta property=\"og:site_name\" content=\"Segwaytours.lu\" \/>\n<meta property=\"article:modified_time\" content=\"2022-07-13T08:49:45+00:00\" \/>\n<meta name=\"twitter:label1\" content=\"Dur\u00e9e de lecture estim\u00e9e\" \/>\n\t<meta name=\"twitter:data1\" content=\"1 minute\" \/>\n<script type=\"application\/ld+json\" class=\"yoast-schema-graph\">{\"@context\":\"https:\/\/schema.org\",\"@graph\":[{\"@type\":\"WebPage\",\"@id\":\"https:\/\/segwaytours.lu\/?page_id=542\",\"url\":\"https:\/\/segwaytours.lu\/?page_id=542\",\"name\":\"Bon cadeau Segwaytours.lu\",\"isPartOf\":{\"@id\":\"https:\/\/segwaytours.lu\/#website\"},\"datePublished\":\"2015-02-18T16:35:15+00:00\",\"dateModified\":\"2022-07-13T08:49:45+00:00\",\"description\":\"Bon Cadeau Segwaytours.lu: Une bonne id\u00e9e pour toute occasion! Bons cadeaux pour Tours Segway au Luxembourg.\",\"breadcrumb\":{\"@id\":\"https:\/\/segwaytours.lu\/?page_id=542#breadcrumb\"},\"inLanguage\":\"fr-FR\",\"potentialAction\":[{\"@type\":\"ReadAction\",\"target\":[\"https:\/\/segwaytours.lu\/?page_id=542\"]}]},{\"@type\":\"BreadcrumbList\",\"@id\":\"https:\/\/segwaytours.lu\/?page_id=542#breadcrumb\",\"itemListElement\":[{\"@type\":\"ListItem\",\"position\":1,\"name\":\"Home\",\"item\":\"https:\/\/segwaytours.lu\/\"},{\"@type\":\"ListItem\",\"position\":2,\"name\":\"Ch\u00e8ques-cadeaux\"}]},{\"@type\":\"WebSite\",\"@id\":\"https:\/\/segwaytours.lu\/#website\",\"url\":\"https:\/\/segwaytours.lu\/\",\"name\":\"Segwaytours.lu\",\"description\":\"Segwaytours Luxembourg\",\"potentialAction\":[{\"@type\":\"SearchAction\",\"target\":{\"@type\":\"EntryPoint\",\"urlTemplate\":\"https:\/\/segwaytours.lu\/?s={search_term_string}\"},\"query-input\":{\"@type\":\"PropertyValueSpecification\",\"valueRequired\":true,\"valueName\":\"search_term_string\"}}],\"inLanguage\":\"fr-FR\"}]}<\/script>\n<!-- \/ Yoast SEO plugin. -->","yoast_head_json":{"title":"Bon cadeau Segwaytours.lu","description":"Bon Cadeau Segwaytours.lu: Une bonne id\u00e9e pour toute occasion! Bons cadeaux pour Tours Segway au Luxembourg.","robots":{"index":"index","follow":"follow","max-snippet":"max-snippet:-1","max-image-preview":"max-image-preview:large","max-video-preview":"max-video-preview:-1"},"canonical":"https:\/\/segwaytours.lu\/?page_id=542","og_locale":"fr_FR","og_type":"article","og_title":"Bon cadeau Segwaytours.lu","og_description":"Bon Cadeau Segwaytours.lu: Une bonne id\u00e9e pour toute occasion! Bons cadeaux pour Tours Segway au Luxembourg.","og_url":"https:\/\/segwaytours.lu\/?page_id=542","og_site_name":"Segwaytours.lu","article_modified_time":"2022-07-13T08:49:45+00:00","twitter_misc":{"Dur\u00e9e de lecture estim\u00e9e":"1 minute"},"schema":{"@context":"https:\/\/schema.org","@graph":[{"@type":"WebPage","@id":"https:\/\/segwaytours.lu\/?page_id=542","url":"https:\/\/segwaytours.lu\/?page_id=542","name":"Bon cadeau Segwaytours.lu","isPartOf":{"@id":"https:\/\/segwaytours.lu\/#website"},"datePublished":"2015-02-18T16:35:15+00:00","dateModified":"2022-07-13T08:49:45+00:00","description":"Bon Cadeau Segwaytours.lu: Une bonne id\u00e9e pour toute occasion! Bons cadeaux pour Tours Segway au Luxembourg.","breadcrumb":{"@id":"https:\/\/segwaytours.lu\/?page_id=542#breadcrumb"},"inLanguage":"fr-FR","potentialAction":[{"@type":"ReadAction","target":["https:\/\/segwaytours.lu\/?page_id=542"]}]},{"@type":"BreadcrumbList","@id":"https:\/\/segwaytours.lu\/?page_id=542#breadcrumb","itemListElement":[{"@type":"ListItem","position":1,"name":"Home","item":"https:\/\/segwaytours.lu\/"},{"@type":"ListItem","position":2,"name":"Ch\u00e8ques-cadeaux"}]},{"@type":"WebSite","@id":"https:\/\/segwaytours.lu\/#website","url":"https:\/\/segwaytours.lu\/","name":"Segwaytours.lu","description":"Segwaytours Luxembourg","potentialAction":[{"@type":"SearchAction","target":{"@type":"EntryPoint","urlTemplate":"https:\/\/segwaytours.lu\/?s={search_term_string}"},"query-input":{"@type":"PropertyValueSpecification","valueRequired":true,"valueName":"search_term_string"}}],"inLanguage":"fr-FR"}]}},"jetpack_sharing_enabled":true,"jetpack_shortlink":"https:\/\/wp.me\/Pat8jx-8K","_links":{"self":[{"href":"https:\/\/segwaytours.lu\/index.php?rest_route=\/wp\/v2\/pages\/542"}],"collection":[{"href":"https:\/\/segwaytours.lu\/index.php?rest_route=\/wp\/v2\/pages"}],"about":[{"href":"https:\/\/segwaytours.lu\/index.php?rest_route=\/wp\/v2\/types\/page"}],"author":[{"embeddable":true,"href":"https:\/\/segwaytours.lu\/index.php?rest_route=\/wp\/v2\/users\/2"}],"replies":[{"embeddable":true,"href":"https:\/\/segwaytours.lu\/index.php?rest_route=%2Fwp%2Fv2%2Fcomments&post=542"}],"version-history":[{"count":16,"href":"https:\/\/segwaytours.lu\/index.php?rest_route=\/wp\/v2\/pages\/542\/revisions"}],"predecessor-version":[{"id":4275,"href":"https:\/\/segwaytours.lu\/index.php?rest_route=\/wp\/v2\/pages\/542\/revisions\/4275"}],"wp:attachment":[{"href":"https:\/\/segwaytours.lu\/index.php?rest_route=%2Fwp%2Fv2%2Fmedia&parent=542"}],"curies":[{"name":"wp","href":"https:\/\/api.w.org\/{rel}","templated":true}]}}