{"id":368,"date":"2014-07-23T20:00:21","date_gmt":"2014-07-23T20:00:21","guid":{"rendered":"http:\/\/www.segwaytours.lu\/?page_id=368"},"modified":"2018-04-10T19:10:37","modified_gmt":"2018-04-10T17:10:37","slug":"niveaux-des-sorties","status":"publish","type":"page","link":"https:\/\/segwaytours.lu\/?page_id=368","title":{"rendered":"Niveaux des sorties"},"content":{"rendered":"<p><strong>Toutes les sorties peuvent se faire \u00e0 un niveau diff\u00e9rent \u00e0 partir de diff\u00e9rents lieux (attention tous les points de d\u00e9part ne se pr\u00eatent pas \u00e0 chaque niveau).<\/strong><\/p>\n<p><strong>Nous offrons des sorties de niveau 1, 1+, 2, 2+, 3 !<\/strong><\/p>\n<p><strong>Pour acc\u00e9der \u00e0 un niveau sup\u00e9rieur que 1, il est fortement conseill\u00e9 d&#8217;avoir d&#8217;abord compl\u00e9t\u00e9 une balade de niveau 1 en X2 chez Segwaytours.lu<\/strong><\/p>\n<p><strong>N&#8217;h\u00e9sitez pas \u00e0 nous <a title=\"Contact\" href=\"http:\/\/www.segwaytours.lu\/contact\">contacter<\/a>, si vous d\u00e9sirez choisir un niveau de difficult\u00e9 plus \u00e9lev\u00e9 ou si vous d\u00e9sirez un autre point de d\u00e9part.<\/strong><\/p>\n","protected":false},"excerpt":{"rendered":"<p>Toutes les sorties peuvent se faire \u00e0 un niveau diff\u00e9rent \u00e0 partir de diff\u00e9rents lieux (attention tous les points de d\u00e9part ne se pr\u00eatent pas \u00e0 chaque niveau). Nous offrons des sorties de niveau 1, 1+, 2, 2+, 3 ! Pour acc\u00e9der \u00e0 un niveau sup\u00e9rieur que 1, il est fortement conseill\u00e9 d&#8217;avoir d&#8217;abord compl\u00e9t\u00e9 [&hellip;]<\/p>\n","protected":false},"author":2,"featured_media":0,"parent":0,"menu_order":0,"comment_status":"closed","ping_status":"open","template":"","meta":{"jetpack_post_was_ever_published":false,"footnotes":""},"class_list":["post-368","page","type-page","status-publish","hentry"],"yoast_head":"<!-- This site is optimized with the Yoast SEO plugin v23.4 - https:\/\/yoast.com\/wordpress\/plugins\/seo\/ -->\n<title>Niveaux des sorties - Segwaytours.lu<\/title>\n<meta name=\"robots\" content=\"index, follow, max-snippet:-1, max-image-preview:large, max-video-preview:-1\" \/>\n<link rel=\"canonical\" href=\"https:\/\/segwaytours.lu\/?page_id=368\" \/>\n<meta property=\"og:locale\" content=\"fr_FR\" \/>\n<meta property=\"og:type\" content=\"article\" \/>\n<meta property=\"og:title\" content=\"Niveaux des sorties - Segwaytours.lu\" \/>\n<meta property=\"og:description\" content=\"Toutes les sorties peuvent se faire \u00e0 un niveau diff\u00e9rent \u00e0 partir de diff\u00e9rents lieux (attention tous les points de d\u00e9part ne se pr\u00eatent pas \u00e0 chaque niveau). Nous offrons des sorties de niveau 1, 1+, 2, 2+, 3 ! Pour acc\u00e9der \u00e0 un niveau sup\u00e9rieur que 1, il est fortement conseill\u00e9 d&#8217;avoir d&#8217;abord compl\u00e9t\u00e9 [&hellip;]\" \/>\n<meta property=\"og:url\" content=\"https:\/\/segwaytours.lu\/?page_id=368\" \/>\n<meta property=\"og:site_name\" content=\"Segwaytours.lu\" \/>\n<meta property=\"article:modified_time\" content=\"2018-04-10T17:10:37+00:00\" \/>\n<script type=\"application\/ld+json\" class=\"yoast-schema-graph\">{\"@context\":\"https:\/\/schema.org\",\"@graph\":[{\"@type\":\"WebPage\",\"@id\":\"https:\/\/segwaytours.lu\/?page_id=368\",\"url\":\"https:\/\/segwaytours.lu\/?page_id=368\",\"name\":\"Niveaux des sorties - Segwaytours.lu\",\"isPartOf\":{\"@id\":\"https:\/\/segwaytours.lu\/#website\"},\"datePublished\":\"2014-07-23T20:00:21+00:00\",\"dateModified\":\"2018-04-10T17:10:37+00:00\",\"breadcrumb\":{\"@id\":\"https:\/\/segwaytours.lu\/?page_id=368#breadcrumb\"},\"inLanguage\":\"fr-FR\",\"potentialAction\":[{\"@type\":\"ReadAction\",\"target\":[\"https:\/\/segwaytours.lu\/?page_id=368\"]}]},{\"@type\":\"BreadcrumbList\",\"@id\":\"https:\/\/segwaytours.lu\/?page_id=368#breadcrumb\",\"itemListElement\":[{\"@type\":\"ListItem\",\"position\":1,\"name\":\"Home\",\"item\":\"https:\/\/segwaytours.lu\/\"},{\"@type\":\"ListItem\",\"position\":2,\"name\":\"Niveaux des sorties\"}]},{\"@type\":\"WebSite\",\"@id\":\"https:\/\/segwaytours.lu\/#website\",\"url\":\"https:\/\/segwaytours.lu\/\",\"name\":\"Segwaytours.lu\",\"description\":\"Segwaytours Luxembourg\",\"potentialAction\":[{\"@type\":\"SearchAction\",\"target\":{\"@type\":\"EntryPoint\",\"urlTemplate\":\"https:\/\/segwaytours.lu\/?s={search_term_string}\"},\"query-input\":{\"@type\":\"PropertyValueSpecification\",\"valueRequired\":true,\"valueName\":\"search_term_string\"}}],\"inLanguage\":\"fr-FR\"}]}<\/script>\n<!-- \/ Yoast SEO plugin. -->","yoast_head_json":{"title":"Niveaux des sorties - Segwaytours.lu","robots":{"index":"index","follow":"follow","max-snippet":"max-snippet:-1","max-image-preview":"max-image-preview:large","max-video-preview":"max-video-preview:-1"},"canonical":"https:\/\/segwaytours.lu\/?page_id=368","og_locale":"fr_FR","og_type":"article","og_title":"Niveaux des sorties - Segwaytours.lu","og_description":"Toutes les sorties peuvent se faire \u00e0 un niveau diff\u00e9rent \u00e0 partir de diff\u00e9rents lieux (attention tous les points de d\u00e9part ne se pr\u00eatent pas \u00e0 chaque niveau). Nous offrons des sorties de niveau 1, 1+, 2, 2+, 3 ! Pour acc\u00e9der \u00e0 un niveau sup\u00e9rieur que 1, il est fortement conseill\u00e9 d&#8217;avoir d&#8217;abord compl\u00e9t\u00e9 [&hellip;]","og_url":"https:\/\/segwaytours.lu\/?page_id=368","og_site_name":"Segwaytours.lu","article_modified_time":"2018-04-10T17:10:37+00:00","schema":{"@context":"https:\/\/schema.org","@graph":[{"@type":"WebPage","@id":"https:\/\/segwaytours.lu\/?page_id=368","url":"https:\/\/segwaytours.lu\/?page_id=368","name":"Niveaux des sorties - Segwaytours.lu","isPartOf":{"@id":"https:\/\/segwaytours.lu\/#website"},"datePublished":"2014-07-23T20:00:21+00:00","dateModified":"2018-04-10T17:10:37+00:00","breadcrumb":{"@id":"https:\/\/segwaytours.lu\/?page_id=368#breadcrumb"},"inLanguage":"fr-FR","potentialAction":[{"@type":"ReadAction","target":["https:\/\/segwaytours.lu\/?page_id=368"]}]},{"@type":"BreadcrumbList","@id":"https:\/\/segwaytours.lu\/?page_id=368#breadcrumb","itemListElement":[{"@type":"ListItem","position":1,"name":"Home","item":"https:\/\/segwaytours.lu\/"},{"@type":"ListItem","position":2,"name":"Niveaux des sorties"}]},{"@type":"WebSite","@id":"https:\/\/segwaytours.lu\/#website","url":"https:\/\/segwaytours.lu\/","name":"Segwaytours.lu","description":"Segwaytours Luxembourg","potentialAction":[{"@type":"SearchAction","target":{"@type":"EntryPoint","urlTemplate":"https:\/\/segwaytours.lu\/?s={search_term_string}"},"query-input":{"@type":"PropertyValueSpecification","valueRequired":true,"valueName":"search_term_string"}}],"inLanguage":"fr-FR"}]}},"jetpack_sharing_enabled":true,"jetpack_shortlink":"https:\/\/wp.me\/Pat8jx-5W","_links":{"self":[{"href":"https:\/\/segwaytours.lu\/index.php?rest_route=\/wp\/v2\/pages\/368"}],"collection":[{"href":"https:\/\/segwaytours.lu\/index.php?rest_route=\/wp\/v2\/pages"}],"about":[{"href":"https:\/\/segwaytours.lu\/index.php?rest_route=\/wp\/v2\/types\/page"}],"author":[{"embeddable":true,"href":"https:\/\/segwaytours.lu\/index.php?rest_route=\/wp\/v2\/users\/2"}],"replies":[{"embeddable":true,"href":"https:\/\/segwaytours.lu\/index.php?rest_route=%2Fwp%2Fv2%2Fcomments&post=368"}],"version-history":[{"count":1,"href":"https:\/\/segwaytours.lu\/index.php?rest_route=\/wp\/v2\/pages\/368\/revisions"}],"predecessor-version":[{"id":2122,"href":"https:\/\/segwaytours.lu\/index.php?rest_route=\/wp\/v2\/pages\/368\/revisions\/2122"}],"wp:attachment":[{"href":"https:\/\/segwaytours.lu\/index.php?rest_route=%2Fwp%2Fv2%2Fmedia&parent=368"}],"curies":[{"name":"wp","href":"https:\/\/api.w.org\/{rel}","templated":true}]}}