{"id":2307,"date":"2018-05-23T13:48:02","date_gmt":"2018-05-23T11:48:02","guid":{"rendered":"https:\/\/segwaytours.lu\/?page_id=2307"},"modified":"2018-05-23T14:52:04","modified_gmt":"2018-05-23T12:52:04","slug":"confidentialite","status":"publish","type":"page","link":"https:\/\/segwaytours.lu\/?page_id=2307","title":{"rendered":"Politique de Confidentialit\u00e9"},"content":{"rendered":"<p>MEETINCS est concern\u00e9 au plus haut niveau par le respect de votre vie priv\u00e9e et se soucie de la fa\u00e7on dont vos informations personnelles sont trait\u00e9es.<br \/>\n<br \/>\nCette politique de confidentialit\u00e9 d\u00e9crit:<br \/>\n<br \/>\n\u2022 comment nous obtenons vos informations personnelles<\/p>\n<p>\u2022 comment utilisons-nous vos informations personnelles<\/p>\n<p>\u2022 sur quelle base utilisons-nous vos informations personnelles<\/p>\n<p>\u2022 combien de temps nous gardons vos informations personnelles<\/p>\n<p>\u2022 avec qui nous partageons vos informations personnelles<\/p>\n<p>\u2022 comment nous prot\u00e9geons vos informations personnelles<\/p>\n<p>\u2022 vers quels pays nous transf\u00e9rons vos informations personnelles<\/p>\n<p>\u2022 vos droits concernant vos informations personnelles<br \/>\n<br \/>\nMEETINCS fait r\u00e9f\u00e9rence \u00e0 Meetings, Translations and Incentives Services S.A., ses filiales ou activit\u00e9s r\u00e9alis\u00e9es sous d\u2019autres noms, repr\u00e9sentants plus particuli\u00e8rement une ou plusieurs activit\u00e9s distinctes (p.ex. Segwaytours.lu, minettconcert.lu, etc&#8230; )<br \/>\n<br \/>\n<span style=\"color: #30287d; font-weight: bold;\">QUELLES INFORMATIONS PERSONNELLES RECUEILLONS-NOUS A VOTRE SUJET ?<\/span><br \/>\n<br \/>\nNous pouvons collecter des informations personnelles vous concernant dans le cadre de nos activit\u00e9s, notamment lors de votre utilisation de notre site Web, lorsque vous contactez ou demandez des informations, lorsque vous engagez nos services d\u2019organisation ou autres ou en raison de votre relation avec un ou plusieurs membres de notre personnel et de nos clients.<br \/>\n<br \/>\nLes informations personnelles que nous traitons comprennent :<br \/>\n<br \/>\n\u2022 Informations de base, telles que votre nom (y compris le pr\u00e9fixe du nom ou le titre), la soci\u00e9t\u00e9 pour laquelle vous travaillez, votre titre ou position et votre relation avec une personne de notre entreprise.<\/p>\n<p>\u2022 Informations de contact, telles que votre adresse postale, adresse e-mail et num\u00e9ro(s) de t\u00e9l\u00e9phone,\u2026<\/p>\n<p>\u2022 Informations financi\u00e8res, telles que les informations relatives au paiement de factures.<\/p>\n<p>\u2022 Des informations techniques, telles que des informations issues de vos visites sur nos sites Web ou sur des applications ou en relation avec les documents et les communications que nous vous envoyons par voie \u00e9lectronique.<\/p>\n<p>\u2022 Informations que vous nous fournissez pour assister \u00e0 des r\u00e9unions et des \u00e9v\u00e9nements, y compris l&#8217;acc\u00e8s et les exigences alimentaires.<\/p>\n<p>\u2022 Identification et informations de base fournies par vous ou recueillies dans le cadre de nos processus d&#8217;acceptation des affaires.<\/p>\n<p>\u2022 Les informations personnelles qui nous sont fournies par ou au nom de nos clients ou g\u00e9n\u00e9r\u00e9es par nous durant ou pour la fourniture effective ou \u00e9ventuelle de nos services, qui peuvent inclure des cat\u00e9gories particuli\u00e8res de donn\u00e9es.<\/p>\n<p>\u2022 Toute autre information vous concernant que vous pourriez nous fournir.<br \/>\n<br \/>\n<span style=\"color: #30287d; font-weight: bold;\">COMMENT NOUS OBTENONS VOS INFORMATIONS PERSONNELLES ?<\/span><br \/>\n<br \/>\n\u2022 Nous recueillons des renseignements aupr\u00e8s de vous dans le cadre de nos processus d&#8217;acceptation des affaires et \u00e0 votre sujet et d&#8217;autres, au besoin, dans le cadre de la prestation de services.<\/p>\n<p>\u2022 Nous recueillons vos renseignements personnels tout en surveillant nos outils et services technologiques, y compris nos sites Web et les communications par courriel envoy\u00e9es \u00e0 notre soci\u00e9t\u00e9 ou entit\u00e9s.<\/p>\n<p>\u2022 Nous recueillons des informations \u00e0 votre sujet lorsque vous nous les fournissez, ou interagissez directement avec nous, par exemple en vous engageant avec notre personnel ou en vous inscrivant sur l&#8217;une de nos plateformes ou applications num\u00e9riques.<\/p>\n<p>\u2022 Nous pouvons collecter ou recevoir des informations vous concernant \u00e0 partir d&#8217;autres sources, par exemple en gardant les coordonn\u00e9es que nous d\u00e9tenons d\u00e9j\u00e0 par et sur vous, exactes et \u00e0 jour, ou en utilisant des sources disponibles publiquement.<br \/>\n<br \/>\n<span style=\"color: #30287d; font-weight: bold;\">COMMENT UTILISONS-NOUS VOS INFORMATIONS PERSONNELLES ?<\/span><br \/>\n<br \/>\nMEETINCS recueille et traite les informations personnelles vous concernant de plusieurs mani\u00e8res, y compris via votre utilisation de notre site Web et dans la prestation de nos services. Nous utilisons cette information pour :<br \/>\n<br \/>\n\u2022 Fournir et am\u00e9liorer ce site web, y compris l&#8217;audit et le suivi de son utilisation.<\/p>\n<p>\u2022 Fournir et am\u00e9liorer nos services \u00e0 vous et \u00e0 nos clients, y compris la gestion des informations personnelles des autres au nom de nos clients.<\/p>\n<p>\u2022 Pour fournir les informations demand\u00e9es par vous.<\/p>\n<p>\u2022 Pour promouvoir nos services, y compris l&#8217;envoi de publications et de d\u00e9tails des \u00e9v\u00e9nements.<\/p>\n<p>\u2022 G\u00e9rer et administrer notre relation avec vous et nos clients.<\/p>\n<p>\u2022 Pour remplir nos obligations l\u00e9gales, r\u00e9glementaires et de gestion des risques, y compris l&#8217;\u00e9tablissement, l&#8217;exercice ou la d\u00e9fense des r\u00e9clamations l\u00e9gales.<\/p>\n<p>\u2022 Aux fins du recrutement.<br \/>\n<br \/>\n<span style=\"color: #30287d; font-weight: bold;\">UTILISATION DES SITES WEB MEETINCS.LU, SEGWAYTOURS.LU, CONGRESS.LU, MINETTCONCERT.LU, ILEC.LU, SALONFEELWELL.LU <\/span><br \/>\n<br \/>\nUn certain nombre d&#8217;installations sur nos sites Web vous invitent \u00e0 nous fournir des informations personnelles, telles que le service d\u2019offre d&#8217;emploi vacant et nos installations de requ\u00eates par courriel. Le but de ces installations est \u00e9vident au moment o\u00f9 vous fournissez vos informations personnelles et nous n&#8217;utilisons ces informations qu&#8217;\u00e0 ces fins.<br \/>\n<br \/>\nNos sites Web utilise Google Analytics, un outil d&#8217;analyse Web qui permet de suivre et de signaler la mani\u00e8re dont le site Web est utilis\u00e9 pour nous aider \u00e0 l&#8217;am\u00e9liorer. Google Analytics le fait en pla\u00e7ant de petits fichiers texte appel\u00e9s \u00ab cookies \u00bb sur votre appareil. Les informations collect\u00e9es par les cookies, telles que le nombre de visiteurs sur le site, les pages visit\u00e9es et le temps pass\u00e9 sur le site, sont agr\u00e9g\u00e9es et donc anonymes. Vous pouvez refuser l&#8217;utilisation de cookies ou retirer votre consentement \u00e0 tout moment en s\u00e9lectionnant les param\u00e8tres appropri\u00e9s sur votre navigateur, mais veuillez noter que cela peut affecter votre utilisation et votre exp\u00e9rience d\u2019utilisation de nos sites Web.<br \/>\n<br \/>\nSi vous consultez notre site Web sans modifier vos param\u00e8tres de confidentialit\u00e9, vous acceptez notre utilisation des cookies. Pour en savoir plus sur les cookies, y compris sur leur gestion et leur suppression, rendez-vous sur : www.allaboutcookies.org.<br \/>\n<br \/>\n<span style=\"color: #30287d; font-weight: bold;\">MARKETING ET AUTRES COURRIELS <\/span><br \/>\n<br \/>\nNous utilisons des renseignements personnels pour comprendre si vous avez lu les courriels et autres documents, tels que les publications, invitations ou annonces diverses, que nous vous avons envoy\u00e9s, cliquez sur les liens vers les renseignements que nous incluons dans ces documents et sur la fa\u00e7on dont vous visitez nos sites Web, apr\u00e8s avoir cliqu\u00e9 sur ce lien (imm\u00e9diatement et lors des prochaines visites). Nous faisons cela en utilisant un logiciel qui place un cookie sur votre appareil qui suit cette activit\u00e9 et l&#8217;enregistre par rapport \u00e0 votre adresse e-mail. La suppression de ce cookie n&#8217;affectera pas votre exp\u00e9rience sur nos sites Web. Nous pouvons \u00e9galement utiliser un outil de gestion des relations, lorsque la l\u00e9gislation applicable le permet, pour \u00e9valuer la force de la relation entre les membre de notre personnel et nos clients ou clients potentiels en fonction de la fr\u00e9quence des contacts par courrier \u00e9lectronique entre eux. Nous utilisons ces informations pour \u00e9valuer, analyser et am\u00e9liorer les services que nous fournissons. Si vous recevez des communications marketing de notre part et que vous ne souhaitez plus le faire, vous pouvez vous d\u00e9sabonner \u00e0 tout moment en nous envoyant un courrier \u00e9lectronique \u00e0 l\u2019adresse meetincs@meetincs.lu ou en vous d\u00e9sabonnant sur le courriel en question.<br \/>\n<br \/>\n<span style=\"color: #30287d; font-weight: bold;\">REUNIONS, EVENEMENTS ET SEMINAIRES <\/span><br \/>\n<br \/>\nNous collectons et traitons les informations personnelles vous concernant dans le cadre de votre pr\u00e9sence dans nos bureaux ou lors d&#8217;un \u00e9v\u00e9nement ou d&#8217;un s\u00e9minaire organis\u00e9 par MEETINCS ou ses partenaires commerciaux. Nous traiterons et utiliserons uniquement des cat\u00e9gories particuli\u00e8res d&#8217;informations personnelles concernant vos besoins alimentaires ou d&#8217;acc\u00e8s afin de r\u00e9pondre \u00e0 vos besoins et de satisfaire \u00e0 toute autre obligation l\u00e9gale ou r\u00e9glementaire que nous pourrions avoir. Nous pouvons partager vos informations avec les fournisseurs de services informatiques et autres prestataires ou partenaires commerciaux impliqu\u00e9s dans l&#8217;organisation ou l&#8217;organisation de l&#8217;\u00e9v\u00e9nement concern\u00e9.<br \/>\n<br \/>\n<span style=\"color: #30287d; font-weight: bold;\">SERVICES D\u2019ORGANISATION ET AUTRES <\/span><br \/>\n<br \/>\nNous collectons, cr\u00e9ons, conservons et utilisons des informations personnelles dans le cadre et en relation avec les services que nous fournissons \u00e0 nos clients. Nous traiterons les informations d&#8217;identification et les informations g\u00e9n\u00e9rales dans le cadre de nos processus d&#8217;acceptation commerciale, de finances, d&#8217;administration et de marketing, y compris les contr\u00f4les anti-blanchiment, les conflits, la r\u00e9putation et les finances. Nous traiterons \u00e9galement les informations personnelles qui nous sont fournies par ou au nom de nos clients aux fins du travail que nous effectuons pour eux. Les informations peuvent \u00eatre divulgu\u00e9es \u00e0 des tiers dans la mesure raisonnablement n\u00e9cessaire en relation avec ces travaux.<br \/>\n<br \/>\n<span style=\"color: #30287d; font-weight: bold;\">SUR QUELLE BASE NOUS UTILISONS VOS INFORMATIONS PERSONNELLES<\/span><br \/>\n<br \/>\nNous utilisons vos informations personnelles sur les bases suivantes :<br \/>\n<br \/>\n\u2022 Pour ex\u00e9cuter un contrat, comme s&#8217;engager avec un individu pour fournir des services d\u2019organisation ou autres.<\/p>\n<p>\u2022 Pour l&#8217;\u00e9tablissement, l&#8217;exercice ou la d\u00e9fense des r\u00e9clamations ou proc\u00e9dures judiciaires.<\/p>\n<p>\u2022 Se conformer aux obligations l\u00e9gales et r\u00e9glementaires.<\/p>\n<p>\u2022 \u00c0 des fins commerciales l\u00e9gitimes.<br \/>\n<br \/>\nVos informations personnelles seront conserv\u00e9es conform\u00e9ment \u00e0 notre politique globale de conservation des donn\u00e9es qui cat\u00e9gorise toutes les informations d\u00e9tenues par MEETINCS et sp\u00e9cifie la conservation appropri\u00e9e pour chaque cat\u00e9gorie de donn\u00e9es. Ces p\u00e9riodes sont bas\u00e9es sur les exigences des lois applicables en mati\u00e8re de protection des donn\u00e9es et sur la finalit\u00e9 de leur collecte et de leur utilisation, en tenant compte des exigences l\u00e9gales et r\u00e9glementaires pour conserver les informations pendant une p\u00e9riode minimale des d\u00e9lais de prescription, des bonnes pratiques et les objectifs commerciaux de MEETINCS.<br \/>\n<br \/>\n<span style=\"color: #30287d; font-weight: bold;\">AVEC QUI NOUS PARTAGEONS VOS INFORMATIONS PERSONNELLES <\/span><br \/>\n<br \/>\nNous sommes une soci\u00e9t\u00e9 d\u2019organisation et de traduction et offrons divers services li\u00e9s et toute information que vous nous fournissez peut \u00eatre partag\u00e9e et trait\u00e9e par toute entit\u00e9 du r\u00e9seau MEETINCS et de nos soci\u00e9t\u00e9s ou activit\u00e9s associ\u00e9es. Nous pouvons \u00e9galement partager vos informations personnelles avec certains tiers de confiance conform\u00e9ment aux arrangements contractuels en place avec eux, y compris :<br \/>\n<br \/>\n\u2022 Nos conseillers professionnels et auditeurs.<\/p>\n<p>\u2022 Les fournisseurs \u00e0 qui nous externalisons certains services de soutien tels que traitement de texte, traduction, photocopie et r\u00e9vision de documents.<\/p>\n<p>\u2022 Fournisseurs de services informatiques \u00e0 MEETINCS.<\/p>\n<p>\u2022 Tiers engag\u00e9s dans le cadre des services que nous fournissons aux clients et avec leur consentement pr\u00e9alable, tels qu\u2019avocats, conseils locaux et fournisseurs de services technologiques ou informatiques, tels que les services de gestion des donn\u00e9es et des cas d\u2019h\u00e9bergement ou organisation d&#8217;\u00e9v\u00e9nements ou de s\u00e9minaires.<\/p>\n<p>\u2022 Si n\u00e9cessaire, ou pour les raisons \u00e9nonc\u00e9es dans la pr\u00e9sente politique, les renseignements personnels peuvent \u00e9galement \u00eatre partag\u00e9s avec les autorit\u00e9s de r\u00e9glementation, les tribunaux, les organismes gouvernementaux et la loi.<\/p>\n<p>\u2022 Bien que cela soit peu probable, nous pourrions \u00eatre tenus de divulguer vos informations pour se conformer aux exigences l\u00e9gales ou r\u00e9glementaires. Nous ferons des efforts raisonnables pour vous informer avant que nous fassions cela, sauf si nous sommes l\u00e9galement emp\u00each\u00e9s de le faire.<br \/>\n<br \/>\nMEETINCS peut utiliser des sites de m\u00e9dias sociaux tels que Facebook, Linkedin et Twitter. Si vous utilisez ces services, vous devez consulter leur politique de confidentialit\u00e9 pour plus d&#8217;informations sur la fa\u00e7on dont ils traitent vos informations personnelles. Nous ne vendons pas, ne louons pas ou ne mettons pas d&#8217;informations personnelles \u00e0 la disposition d&#8217;un tiers, sauf avec votre autorisation pr\u00e9alable.<br \/>\n<br \/>\nVos donn\u00e9es confidentielles ne seront jamais vendues \u00e0 des tiers.<br \/>\n<br \/>\n<span style=\"color: #30287d; font-weight: bold;\">COMMENT NOUS PROTEGEONS VOS INFORMATIONS PERSONNELLES <\/span><br \/>\n<br \/>\nNous utilisons diverses mesures techniques et organisationnelles pour prot\u00e9ger vos informations personnelles contre l&#8217;acc\u00e8s, l&#8217;utilisation, la divulgation, la modification ou la destruction non-autoris\u00e9s, conform\u00e9ment aux lois applicables en mati\u00e8re de protection des donn\u00e9es.<br \/>\n<br \/>\nAfin de fournir nos services, nous pouvons \u00eatre amen\u00e9s \u00e0 transf\u00e9rer vos informations personnelles vers des sites situ\u00e9s en dehors de la juridiction dans laquelle vous les fournissez ou lorsque vous consultez un de nos sites Web aux fins \u00e9nonc\u00e9es dans cette politique de confidentialit\u00e9.<br \/>\n<br \/>\nCela peut entra\u00eener un transfert de vos informations d&#8217;un emplacement situ\u00e9 dans l&#8217;Espace \u00e9conomique europ\u00e9en (l &#8216;\u00ab EEE \u00bb), \u00e0 l&#8217;ext\u00e9rieur de l&#8217;EEE, ou de l&#8217;ext\u00e9rieur de l&#8217;EEE vers un emplacement situ\u00e9 dans l&#8217;EEE. Le niveau de protection de l&#8217;information dans les pays hors EEE peut \u00eatre inf\u00e9rieur \u00e0 celui offert dans l&#8217;EEE. Dans ce cas, nous prendrons les mesures appropri\u00e9es pour garantir que vos informations personnelles restent prot\u00e9g\u00e9es et s\u00e9curis\u00e9es conform\u00e9ment aux lois applicables en mati\u00e8re de protection des donn\u00e9es. Lorsque nos prestataires de services tiers traitent des donn\u00e9es personnelles en dehors de l&#8217;EEE dans le cadre de la fourniture de services, notre accord \u00e9crit avec eux inclura des mesures appropri\u00e9es, g\u00e9n\u00e9ralement des clauses contractuelles standard.<br \/>\n<br \/>\n<span style=\"color: #30287d; font-weight: bold;\">VOS DROITS CONCERNANT VOS INFORMATIONS PERSONNELLES<\/span><br \/>\n<br \/>\nLe r\u00e8glement g\u00e9n\u00e9ral sur la protection des donn\u00e9es de l&#8217;Union europ\u00e9enne et d&#8217;autres lois applicables sur la protection des donn\u00e9es pr\u00e9voient certains droits pour les personnes concern\u00e9es.<br \/>\n<br \/>\nVous avez le droit de demander des d\u00e9tails sur les informations que nous d\u00e9tenons \u00e0 votre sujet et sur la fa\u00e7on dont nous les traitons. Vous pouvez \u00e9galement avoir le droit, conform\u00e9ment \u00e0 la loi sur la protection des donn\u00e9es, de les rectifier ou de les supprimer, de restreindre le traitement de ces informations, d&#8217;emp\u00eacher les transferts non-autoris\u00e9s de vos informations personnelles \u00e0 des tiers et, dans certains cas vous concernant, de demander \u00e0 les transf\u00e9rer \u00e0 une autre organisation.<br \/>\n<br \/>\nVous pouvez \u00e9galement avoir le droit de d\u00e9poser une plainte concernant le traitement de vos informations personnelles par MEETINCS aupr\u00e8s d&#8217;une autorit\u00e9 de surveillance locale. Si vous vous opposez au traitement de vos informations personnelles, ou si vous avez donn\u00e9 votre consentement au traitement et que vous choisissez par la suite de le retirer, nous respecterons ce choix conform\u00e9ment \u00e0 nos obligations l\u00e9gales. Votre objection (ou le retrait de tout consentement pr\u00e9c\u00e9demment donn\u00e9) pourrait signifier que nous sommes incapables d&#8217;effectuer les actions n\u00e9cessaires pour atteindre les objectifs \u00e9nonc\u00e9s ci-dessus ou que vous ne pourrez pas utiliser des services et produits offerts par nous.<br \/>\n<br \/>\nVeuillez noter que m\u00eame apr\u00e8s avoir choisi de retirer votre consentement, nous pourrons continuer \u00e0 traiter vos informations personnelles dans la mesure requise ou autrement autoris\u00e9e par la loi, en particulier en ce qui concerne l&#8217;exercice et la d\u00e9fense de nos droits l\u00e9gaux ou le respect de nos obligations l\u00e9gales ou autres.<br \/>\n<br \/>\nNous devons nous assurer que vos informations personnelles sont exactes et \u00e0 jour. Par cons\u00e9quent, nous vous prions de nous informer de tout changement de vos informations en nous envoyant un courriel \u00e0 meetincs@meetincs.lu.<br \/>\n<br \/>\nStrassen, le 17 mai 2018<\/p>\n","protected":false},"excerpt":{"rendered":"<p>MEETINCS est concern\u00e9 au plus haut niveau par le respect de votre vie priv\u00e9e et se soucie de la fa\u00e7on dont vos informations personnelles sont trait\u00e9es. Cette politique de confidentialit\u00e9 d\u00e9crit: \u2022 comment nous obtenons vos informations personnelles \u2022 comment utilisons-nous vos informations personnelles \u2022 sur quelle base utilisons-nous vos informations personnelles \u2022 combien de [&hellip;]<\/p>\n","protected":false},"author":2,"featured_media":0,"parent":0,"menu_order":0,"comment_status":"closed","ping_status":"closed","template":"","meta":{"jetpack_post_was_ever_published":false,"footnotes":""},"class_list":["post-2307","page","type-page","status-publish","hentry"],"yoast_head":"<!-- This site is optimized with the Yoast SEO plugin v23.4 - https:\/\/yoast.com\/wordpress\/plugins\/seo\/ -->\n<title>Politique de Confidentialit\u00e9 - Segwaytours.lu<\/title>\n<meta name=\"robots\" content=\"index, follow, max-snippet:-1, max-image-preview:large, max-video-preview:-1\" \/>\n<link rel=\"canonical\" href=\"https:\/\/segwaytours.lu\/?page_id=2307\" \/>\n<meta property=\"og:locale\" content=\"fr_FR\" \/>\n<meta property=\"og:type\" content=\"article\" \/>\n<meta property=\"og:title\" content=\"Politique de Confidentialit\u00e9 - Segwaytours.lu\" \/>\n<meta property=\"og:description\" content=\"MEETINCS est concern\u00e9 au plus haut niveau par le respect de votre vie priv\u00e9e et se soucie de la fa\u00e7on dont vos informations personnelles sont trait\u00e9es. Cette politique de confidentialit\u00e9 d\u00e9crit: \u2022 comment nous obtenons vos informations personnelles \u2022 comment utilisons-nous vos informations personnelles \u2022 sur quelle base utilisons-nous vos informations personnelles \u2022 combien de [&hellip;]\" \/>\n<meta property=\"og:url\" content=\"https:\/\/segwaytours.lu\/?page_id=2307\" \/>\n<meta property=\"og:site_name\" content=\"Segwaytours.lu\" \/>\n<meta property=\"article:modified_time\" content=\"2018-05-23T12:52:04+00:00\" \/>\n<meta name=\"twitter:label1\" content=\"Dur\u00e9e de lecture estim\u00e9e\" \/>\n\t<meta name=\"twitter:data1\" content=\"12 minutes\" \/>\n<script type=\"application\/ld+json\" class=\"yoast-schema-graph\">{\"@context\":\"https:\/\/schema.org\",\"@graph\":[{\"@type\":\"WebPage\",\"@id\":\"https:\/\/segwaytours.lu\/?page_id=2307\",\"url\":\"https:\/\/segwaytours.lu\/?page_id=2307\",\"name\":\"Politique de Confidentialit\u00e9 - Segwaytours.lu\",\"isPartOf\":{\"@id\":\"https:\/\/segwaytours.lu\/#website\"},\"datePublished\":\"2018-05-23T11:48:02+00:00\",\"dateModified\":\"2018-05-23T12:52:04+00:00\",\"breadcrumb\":{\"@id\":\"https:\/\/segwaytours.lu\/?page_id=2307#breadcrumb\"},\"inLanguage\":\"fr-FR\",\"potentialAction\":[{\"@type\":\"ReadAction\",\"target\":[\"https:\/\/segwaytours.lu\/?page_id=2307\"]}]},{\"@type\":\"BreadcrumbList\",\"@id\":\"https:\/\/segwaytours.lu\/?page_id=2307#breadcrumb\",\"itemListElement\":[{\"@type\":\"ListItem\",\"position\":1,\"name\":\"Home\",\"item\":\"https:\/\/segwaytours.lu\/\"},{\"@type\":\"ListItem\",\"position\":2,\"name\":\"Politique de Confidentialit\u00e9\"}]},{\"@type\":\"WebSite\",\"@id\":\"https:\/\/segwaytours.lu\/#website\",\"url\":\"https:\/\/segwaytours.lu\/\",\"name\":\"Segwaytours.lu\",\"description\":\"Segwaytours Luxembourg\",\"potentialAction\":[{\"@type\":\"SearchAction\",\"target\":{\"@type\":\"EntryPoint\",\"urlTemplate\":\"https:\/\/segwaytours.lu\/?s={search_term_string}\"},\"query-input\":{\"@type\":\"PropertyValueSpecification\",\"valueRequired\":true,\"valueName\":\"search_term_string\"}}],\"inLanguage\":\"fr-FR\"}]}<\/script>\n<!-- \/ Yoast SEO plugin. -->","yoast_head_json":{"title":"Politique de Confidentialit\u00e9 - Segwaytours.lu","robots":{"index":"index","follow":"follow","max-snippet":"max-snippet:-1","max-image-preview":"max-image-preview:large","max-video-preview":"max-video-preview:-1"},"canonical":"https:\/\/segwaytours.lu\/?page_id=2307","og_locale":"fr_FR","og_type":"article","og_title":"Politique de Confidentialit\u00e9 - Segwaytours.lu","og_description":"MEETINCS est concern\u00e9 au plus haut niveau par le respect de votre vie priv\u00e9e et se soucie de la fa\u00e7on dont vos informations personnelles sont trait\u00e9es. Cette politique de confidentialit\u00e9 d\u00e9crit: \u2022 comment nous obtenons vos informations personnelles \u2022 comment utilisons-nous vos informations personnelles \u2022 sur quelle base utilisons-nous vos informations personnelles \u2022 combien de [&hellip;]","og_url":"https:\/\/segwaytours.lu\/?page_id=2307","og_site_name":"Segwaytours.lu","article_modified_time":"2018-05-23T12:52:04+00:00","twitter_misc":{"Dur\u00e9e de lecture estim\u00e9e":"12 minutes"},"schema":{"@context":"https:\/\/schema.org","@graph":[{"@type":"WebPage","@id":"https:\/\/segwaytours.lu\/?page_id=2307","url":"https:\/\/segwaytours.lu\/?page_id=2307","name":"Politique de Confidentialit\u00e9 - Segwaytours.lu","isPartOf":{"@id":"https:\/\/segwaytours.lu\/#website"},"datePublished":"2018-05-23T11:48:02+00:00","dateModified":"2018-05-23T12:52:04+00:00","breadcrumb":{"@id":"https:\/\/segwaytours.lu\/?page_id=2307#breadcrumb"},"inLanguage":"fr-FR","potentialAction":[{"@type":"ReadAction","target":["https:\/\/segwaytours.lu\/?page_id=2307"]}]},{"@type":"BreadcrumbList","@id":"https:\/\/segwaytours.lu\/?page_id=2307#breadcrumb","itemListElement":[{"@type":"ListItem","position":1,"name":"Home","item":"https:\/\/segwaytours.lu\/"},{"@type":"ListItem","position":2,"name":"Politique de Confidentialit\u00e9"}]},{"@type":"WebSite","@id":"https:\/\/segwaytours.lu\/#website","url":"https:\/\/segwaytours.lu\/","name":"Segwaytours.lu","description":"Segwaytours Luxembourg","potentialAction":[{"@type":"SearchAction","target":{"@type":"EntryPoint","urlTemplate":"https:\/\/segwaytours.lu\/?s={search_term_string}"},"query-input":{"@type":"PropertyValueSpecification","valueRequired":true,"valueName":"search_term_string"}}],"inLanguage":"fr-FR"}]}},"jetpack_sharing_enabled":true,"jetpack_shortlink":"https:\/\/wp.me\/Pat8jx-Bd","_links":{"self":[{"href":"https:\/\/segwaytours.lu\/index.php?rest_route=\/wp\/v2\/pages\/2307"}],"collection":[{"href":"https:\/\/segwaytours.lu\/index.php?rest_route=\/wp\/v2\/pages"}],"about":[{"href":"https:\/\/segwaytours.lu\/index.php?rest_route=\/wp\/v2\/types\/page"}],"author":[{"embeddable":true,"href":"https:\/\/segwaytours.lu\/index.php?rest_route=\/wp\/v2\/users\/2"}],"replies":[{"embeddable":true,"href":"https:\/\/segwaytours.lu\/index.php?rest_route=%2Fwp%2Fv2%2Fcomments&post=2307"}],"version-history":[{"count":6,"href":"https:\/\/segwaytours.lu\/index.php?rest_route=\/wp\/v2\/pages\/2307\/revisions"}],"predecessor-version":[{"id":4358,"href":"https:\/\/segwaytours.lu\/index.php?rest_route=\/wp\/v2\/pages\/2307\/revisions\/4358"}],"wp:attachment":[{"href":"https:\/\/segwaytours.lu\/index.php?rest_route=%2Fwp%2Fv2%2Fmedia&parent=2307"}],"curies":[{"name":"wp","href":"https:\/\/api.w.org\/{rel}","templated":true}]}}