{"id":1324,"date":"2015-11-06T15:18:03","date_gmt":"2015-11-06T14:18:03","guid":{"rendered":"https:\/\/segwaytours.lu\/?page_id=1324"},"modified":"2025-05-20T11:02:33","modified_gmt":"2025-05-20T09:02:33","slug":"segwaysnow","status":"publish","type":"page","link":"https:\/\/segwaytours.lu\/?page_id=1324","title":{"rendered":"Segway Snow"},"content":{"rendered":"<div class=\"wp-block-image\">\n<figure class=\"aligncenter size-full\"><img loading=\"lazy\" decoding=\"async\" width=\"595\" height=\"356\" src=\"https:\/\/segwaytours.lu\/wp-content\/uploads\/2025\/05\/titrediablerets.png\" alt=\"\" class=\"wp-image-4526\" srcset=\"https:\/\/segwaytours.lu\/wp-content\/uploads\/2025\/05\/titrediablerets.png 595w, https:\/\/segwaytours.lu\/wp-content\/uploads\/2025\/05\/titrediablerets-300x179.png 300w\" sizes=\"(max-width: 595px) 100vw, 595px\" \/><\/figure><\/div>\n\n\n<p class=\"has-text-align-center\"><\/p>\n\n\n\n<p class=\"has-text-align-center\"><strong>&nbsp;<\/strong><\/p>\n\n\n\n<p class=\"has-text-align-center\"><strong>Dates 2025\/2026 bient\u00f4t disponibles<\/strong><\/p>\n\n\n\n<p class=\"has-text-align-center\"><strong>Dates suppl\u00e9mentaires sur demande et suivant nombre de participants.<\/strong><\/p>\n\n\n\n<p class=\"has-text-align-center\"><strong><em>Organisation confirm\u00e9e \u00e0 partir de 6 personnes minimum (8 Segwayers maximum)<\/em> <\/strong><\/p>\n\n\n\n<p class=\"has-text-align-center\">Pour visualiser ou t\u00e9l\u00e9charger le programme d\u00e9taill\u00e9, <a href=\"http:\/\/www.segwaytours.lu\/segwaysnow\/brochure.pdf\">cliquez ici<\/a>.<\/p>\n\n\n\n<p class=\"has-text-align-center\">Pour r\u00e9server ou plus de renseignements merci de nous contacter Christelle par t\u00e9l\u00e9phone au&nbsp; +352 459945-201 ou par email \u00e0 <a href=\"mailto:info@segwaytours.lu\" target=\"_blank\" rel=\"noopener noreferrer\">info@segwaytours.lu<\/a><\/p>\n\n\n\n<p>Lisez notre Journal Segwaysnow en cliquant sur ce lien ou regardez la vid\u00e9o d&#8217;un de nos clients :<\/p>\n\n\n\n<p class=\"has-text-align-center\"><a href=\"https:\/\/segwaytours.lu\/?p=1359\" target=\"_blank\" rel=\"noopener noreferrer\">Journal Segwaysnow <\/a><\/p>\n\n\n\n<p class=\"has-text-align-center\"><a href=\"https:\/\/segwaytours.lu\/wp-content\/uploads\/2025\/05\/FilmSegwaySnow.mp4\">Segwaysnow Clip<\/a><\/p>\n\n\n\n<p>* Dates indiqu\u00e9es suivant demande et disponibilit\u00e9s de l&#8217;h\u00f4tel au jour du mailing. Le nombre minimal de participants pour garantir la faisabilit\u00e9 est de 6 personnes. En dessous nous nous r\u00e9servons le droit de ne pas organiser le week-end.<\/p>\n","protected":false},"excerpt":{"rendered":"<p>&nbsp; Dates 2025\/2026 bient\u00f4t disponibles Dates suppl\u00e9mentaires sur demande et suivant nombre de participants. Organisation confirm\u00e9e \u00e0 partir de 6 personnes minimum (8 Segwayers maximum) Pour visualiser ou t\u00e9l\u00e9charger le programme d\u00e9taill\u00e9, cliquez ici. Pour r\u00e9server ou plus de renseignements merci de nous contacter Christelle par t\u00e9l\u00e9phone au&nbsp; +352 459945-201 ou par email \u00e0 info@segwaytours.lu [&hellip;]<\/p>\n","protected":false},"author":2,"featured_media":0,"parent":0,"menu_order":0,"comment_status":"closed","ping_status":"open","template":"","meta":{"jetpack_post_was_ever_published":false,"footnotes":""},"class_list":["post-1324","page","type-page","status-publish","hentry"],"yoast_head":"<!-- This site is optimized with the Yoast SEO plugin v23.4 - https:\/\/yoast.com\/wordpress\/plugins\/seo\/ -->\n<title>Segway Snow - Segwaytours.lu<\/title>\n<meta name=\"robots\" content=\"index, follow, max-snippet:-1, max-image-preview:large, max-video-preview:-1\" \/>\n<link rel=\"canonical\" href=\"https:\/\/segwaytours.lu\/?page_id=1324\" \/>\n<meta property=\"og:locale\" content=\"fr_FR\" \/>\n<meta property=\"og:type\" content=\"article\" \/>\n<meta property=\"og:title\" content=\"Segway Snow - Segwaytours.lu\" \/>\n<meta property=\"og:description\" content=\"&nbsp; Dates 2025\/2026 bient\u00f4t disponibles Dates suppl\u00e9mentaires sur demande et suivant nombre de participants. Organisation confirm\u00e9e \u00e0 partir de 6 personnes minimum (8 Segwayers maximum) Pour visualiser ou t\u00e9l\u00e9charger le programme d\u00e9taill\u00e9, cliquez ici. Pour r\u00e9server ou plus de renseignements merci de nous contacter Christelle par t\u00e9l\u00e9phone au&nbsp; +352 459945-201 ou par email \u00e0 info@segwaytours.lu [&hellip;]\" \/>\n<meta property=\"og:url\" content=\"https:\/\/segwaytours.lu\/?page_id=1324\" \/>\n<meta property=\"og:site_name\" content=\"Segwaytours.lu\" \/>\n<meta property=\"article:modified_time\" content=\"2025-05-20T09:02:33+00:00\" \/>\n<meta property=\"og:image\" content=\"https:\/\/segwaytours.lu\/wp-content\/uploads\/2025\/05\/titrediablerets.png\" \/>\n<meta name=\"twitter:label1\" content=\"Dur\u00e9e de lecture estim\u00e9e\" \/>\n\t<meta name=\"twitter:data1\" content=\"1 minute\" \/>\n<script type=\"application\/ld+json\" class=\"yoast-schema-graph\">{\"@context\":\"https:\/\/schema.org\",\"@graph\":[{\"@type\":\"WebPage\",\"@id\":\"https:\/\/segwaytours.lu\/?page_id=1324\",\"url\":\"https:\/\/segwaytours.lu\/?page_id=1324\",\"name\":\"Segway Snow - Segwaytours.lu\",\"isPartOf\":{\"@id\":\"https:\/\/segwaytours.lu\/#website\"},\"primaryImageOfPage\":{\"@id\":\"https:\/\/segwaytours.lu\/?page_id=1324#primaryimage\"},\"image\":{\"@id\":\"https:\/\/segwaytours.lu\/?page_id=1324#primaryimage\"},\"thumbnailUrl\":\"https:\/\/segwaytours.lu\/wp-content\/uploads\/2025\/05\/titrediablerets.png\",\"datePublished\":\"2015-11-06T14:18:03+00:00\",\"dateModified\":\"2025-05-20T09:02:33+00:00\",\"breadcrumb\":{\"@id\":\"https:\/\/segwaytours.lu\/?page_id=1324#breadcrumb\"},\"inLanguage\":\"fr-FR\",\"potentialAction\":[{\"@type\":\"ReadAction\",\"target\":[\"https:\/\/segwaytours.lu\/?page_id=1324\"]}]},{\"@type\":\"ImageObject\",\"inLanguage\":\"fr-FR\",\"@id\":\"https:\/\/segwaytours.lu\/?page_id=1324#primaryimage\",\"url\":\"https:\/\/segwaytours.lu\/wp-content\/uploads\/2025\/05\/titrediablerets.png\",\"contentUrl\":\"https:\/\/segwaytours.lu\/wp-content\/uploads\/2025\/05\/titrediablerets.png\",\"width\":595,\"height\":356},{\"@type\":\"BreadcrumbList\",\"@id\":\"https:\/\/segwaytours.lu\/?page_id=1324#breadcrumb\",\"itemListElement\":[{\"@type\":\"ListItem\",\"position\":1,\"name\":\"Home\",\"item\":\"https:\/\/segwaytours.lu\/\"},{\"@type\":\"ListItem\",\"position\":2,\"name\":\"Segway Snow\"}]},{\"@type\":\"WebSite\",\"@id\":\"https:\/\/segwaytours.lu\/#website\",\"url\":\"https:\/\/segwaytours.lu\/\",\"name\":\"Segwaytours.lu\",\"description\":\"Segwaytours Luxembourg\",\"potentialAction\":[{\"@type\":\"SearchAction\",\"target\":{\"@type\":\"EntryPoint\",\"urlTemplate\":\"https:\/\/segwaytours.lu\/?s={search_term_string}\"},\"query-input\":{\"@type\":\"PropertyValueSpecification\",\"valueRequired\":true,\"valueName\":\"search_term_string\"}}],\"inLanguage\":\"fr-FR\"}]}<\/script>\n<!-- \/ Yoast SEO plugin. -->","yoast_head_json":{"title":"Segway Snow - Segwaytours.lu","robots":{"index":"index","follow":"follow","max-snippet":"max-snippet:-1","max-image-preview":"max-image-preview:large","max-video-preview":"max-video-preview:-1"},"canonical":"https:\/\/segwaytours.lu\/?page_id=1324","og_locale":"fr_FR","og_type":"article","og_title":"Segway Snow - Segwaytours.lu","og_description":"&nbsp; Dates 2025\/2026 bient\u00f4t disponibles Dates suppl\u00e9mentaires sur demande et suivant nombre de participants. Organisation confirm\u00e9e \u00e0 partir de 6 personnes minimum (8 Segwayers maximum) Pour visualiser ou t\u00e9l\u00e9charger le programme d\u00e9taill\u00e9, cliquez ici. Pour r\u00e9server ou plus de renseignements merci de nous contacter Christelle par t\u00e9l\u00e9phone au&nbsp; +352 459945-201 ou par email \u00e0 info@segwaytours.lu [&hellip;]","og_url":"https:\/\/segwaytours.lu\/?page_id=1324","og_site_name":"Segwaytours.lu","article_modified_time":"2025-05-20T09:02:33+00:00","og_image":[{"url":"https:\/\/segwaytours.lu\/wp-content\/uploads\/2025\/05\/titrediablerets.png"}],"twitter_misc":{"Dur\u00e9e de lecture estim\u00e9e":"1 minute"},"schema":{"@context":"https:\/\/schema.org","@graph":[{"@type":"WebPage","@id":"https:\/\/segwaytours.lu\/?page_id=1324","url":"https:\/\/segwaytours.lu\/?page_id=1324","name":"Segway Snow - Segwaytours.lu","isPartOf":{"@id":"https:\/\/segwaytours.lu\/#website"},"primaryImageOfPage":{"@id":"https:\/\/segwaytours.lu\/?page_id=1324#primaryimage"},"image":{"@id":"https:\/\/segwaytours.lu\/?page_id=1324#primaryimage"},"thumbnailUrl":"https:\/\/segwaytours.lu\/wp-content\/uploads\/2025\/05\/titrediablerets.png","datePublished":"2015-11-06T14:18:03+00:00","dateModified":"2025-05-20T09:02:33+00:00","breadcrumb":{"@id":"https:\/\/segwaytours.lu\/?page_id=1324#breadcrumb"},"inLanguage":"fr-FR","potentialAction":[{"@type":"ReadAction","target":["https:\/\/segwaytours.lu\/?page_id=1324"]}]},{"@type":"ImageObject","inLanguage":"fr-FR","@id":"https:\/\/segwaytours.lu\/?page_id=1324#primaryimage","url":"https:\/\/segwaytours.lu\/wp-content\/uploads\/2025\/05\/titrediablerets.png","contentUrl":"https:\/\/segwaytours.lu\/wp-content\/uploads\/2025\/05\/titrediablerets.png","width":595,"height":356},{"@type":"BreadcrumbList","@id":"https:\/\/segwaytours.lu\/?page_id=1324#breadcrumb","itemListElement":[{"@type":"ListItem","position":1,"name":"Home","item":"https:\/\/segwaytours.lu\/"},{"@type":"ListItem","position":2,"name":"Segway Snow"}]},{"@type":"WebSite","@id":"https:\/\/segwaytours.lu\/#website","url":"https:\/\/segwaytours.lu\/","name":"Segwaytours.lu","description":"Segwaytours Luxembourg","potentialAction":[{"@type":"SearchAction","target":{"@type":"EntryPoint","urlTemplate":"https:\/\/segwaytours.lu\/?s={search_term_string}"},"query-input":{"@type":"PropertyValueSpecification","valueRequired":true,"valueName":"search_term_string"}}],"inLanguage":"fr-FR"}]}},"jetpack_sharing_enabled":true,"jetpack_shortlink":"https:\/\/wp.me\/Pat8jx-lm","_links":{"self":[{"href":"https:\/\/segwaytours.lu\/index.php?rest_route=\/wp\/v2\/pages\/1324"}],"collection":[{"href":"https:\/\/segwaytours.lu\/index.php?rest_route=\/wp\/v2\/pages"}],"about":[{"href":"https:\/\/segwaytours.lu\/index.php?rest_route=\/wp\/v2\/types\/page"}],"author":[{"embeddable":true,"href":"https:\/\/segwaytours.lu\/index.php?rest_route=\/wp\/v2\/users\/2"}],"replies":[{"embeddable":true,"href":"https:\/\/segwaytours.lu\/index.php?rest_route=%2Fwp%2Fv2%2Fcomments&post=1324"}],"version-history":[{"count":34,"href":"https:\/\/segwaytours.lu\/index.php?rest_route=\/wp\/v2\/pages\/1324\/revisions"}],"predecessor-version":[{"id":4527,"href":"https:\/\/segwaytours.lu\/index.php?rest_route=\/wp\/v2\/pages\/1324\/revisions\/4527"}],"wp:attachment":[{"href":"https:\/\/segwaytours.lu\/index.php?rest_route=%2Fwp%2Fv2%2Fmedia&parent=1324"}],"curies":[{"name":"wp","href":"https:\/\/api.w.org\/{rel}","templated":true}]}}