{"id":13,"date":"2014-04-21T18:32:19","date_gmt":"2014-04-21T18:32:19","guid":{"rendered":"http:\/\/vps-1010643-453.mit-cloud.lu\/?page_id=13"},"modified":"2022-07-13T10:03:54","modified_gmt":"2022-07-13T08:03:54","slug":"calendrier","status":"publish","type":"page","link":"https:\/\/segwaytours.lu\/?page_id=13","title":{"rendered":"R\u00e9server"},"content":{"rendered":"<div id=\"eo_fullcalendar_1_loading\" class=\"eo-fullcalendar-loading\" ><img decoding=\"async\" src=\"https:\/\/segwaytours.lu\/wp-content\/plugins\/event-organiser\/css\/images\/loading-image.gif\" class=\"eo-fullcalendar-loading-icon\" alt=\"Chargement&#8230;\" \/> Chargement&#8230;<\/div><div class=\"eo-fullcalendar eo-fullcalendar-shortcode eo-fullcalendar-reset eo-fullcalendar-responsive\" id=\"eo_fullcalendar_1\"><\/div>\n<p>L\u00e9gendes : BAM = Bamb\u00ebsch FDG = Fond de Gras (Differdange) Site Train 1900\/Mini\u00e8resbunn\u00a0 ESCH=Esch-sur-Alzette, REM=Remich\u00a0 ELL=Ellergronn\u00a0 Esch-sur-Alzette R\u00e9serve naturelle\u00a0\u00a0 LAS = Lasauvage\u00a0 DUD = Dudelange DIA &#8211; Les Diablerets Suisse avec cha\u00eenes neige (m\u00e9t\u00e9o)<\/p>\n<hr \/>\n<p>Merci de r\u00e9server votre balade en ligne &#8211; Balade confirm\u00e9e \u00e0 partir de 3 participants.<\/p>\n<p>Paiement en ligne par PayPal ou par carte de cr\u00e9dit<\/p>\n<p><strong><span style=\"color: #ff0000;\">Autres niveaux, lieux, dates ou questions, merci de nous contacter directement par t\u00e9l\u00e9phone au 459945-201<br \/>\n<\/span><\/strong><\/p>\n<hr \/>\n","protected":false},"excerpt":{"rendered":"<p>L\u00e9gendes : BAM = Bamb\u00ebsch FDG = Fond de Gras (Differdange) Site Train 1900\/Mini\u00e8resbunn\u00a0 ESCH=Esch-sur-Alzette, REM=Remich\u00a0 ELL=Ellergronn\u00a0 Esch-sur-Alzette R\u00e9serve naturelle\u00a0\u00a0 LAS = Lasauvage\u00a0 DUD = Dudelange DIA &#8211; Les Diablerets Suisse avec cha\u00eenes neige (m\u00e9t\u00e9o) Merci de r\u00e9server votre balade en ligne &#8211; Balade confirm\u00e9e \u00e0 partir de 3 participants. Paiement en ligne par PayPal [&hellip;]<\/p>\n","protected":false},"author":2,"featured_media":0,"parent":0,"menu_order":0,"comment_status":"closed","ping_status":"open","template":"","meta":{"jetpack_post_was_ever_published":false,"footnotes":""},"class_list":["post-13","page","type-page","status-publish","hentry"],"yoast_head":"<!-- This site is optimized with the Yoast SEO plugin v23.4 - https:\/\/yoast.com\/wordpress\/plugins\/seo\/ -->\n<title>Segwaytours.lu - Caldendrier et R\u00e9servation - Tours<\/title>\n<meta name=\"description\" content=\"Segwaytours.lu Calendrier R\u00e9servation Luxembourg by Night Ellergronn RemichFond-de-Gras\" \/>\n<meta name=\"robots\" content=\"index, follow, max-snippet:-1, max-image-preview:large, max-video-preview:-1\" \/>\n<link rel=\"canonical\" href=\"https:\/\/segwaytours.lu\/?page_id=13\" \/>\n<meta property=\"og:locale\" content=\"fr_FR\" \/>\n<meta property=\"og:type\" content=\"article\" \/>\n<meta property=\"og:title\" content=\"Segwaytours.lu - Caldendrier et R\u00e9servation - Tours\" \/>\n<meta property=\"og:description\" content=\"Segwaytours.lu Calendrier R\u00e9servation Luxembourg by Night Ellergronn RemichFond-de-Gras\" \/>\n<meta property=\"og:url\" content=\"https:\/\/segwaytours.lu\/?page_id=13\" \/>\n<meta property=\"og:site_name\" content=\"Segwaytours.lu\" \/>\n<meta property=\"article:modified_time\" content=\"2022-07-13T08:03:54+00:00\" \/>\n<meta name=\"twitter:label1\" content=\"Dur\u00e9e de lecture estim\u00e9e\" \/>\n\t<meta name=\"twitter:data1\" content=\"1 minute\" \/>\n<script type=\"application\/ld+json\" class=\"yoast-schema-graph\">{\"@context\":\"https:\/\/schema.org\",\"@graph\":[{\"@type\":\"WebPage\",\"@id\":\"https:\/\/segwaytours.lu\/?page_id=13\",\"url\":\"https:\/\/segwaytours.lu\/?page_id=13\",\"name\":\"Segwaytours.lu - Caldendrier et R\u00e9servation - Tours\",\"isPartOf\":{\"@id\":\"https:\/\/segwaytours.lu\/#website\"},\"datePublished\":\"2014-04-21T18:32:19+00:00\",\"dateModified\":\"2022-07-13T08:03:54+00:00\",\"description\":\"Segwaytours.lu Calendrier R\u00e9servation Luxembourg by Night Ellergronn RemichFond-de-Gras\",\"breadcrumb\":{\"@id\":\"https:\/\/segwaytours.lu\/?page_id=13#breadcrumb\"},\"inLanguage\":\"fr-FR\",\"potentialAction\":[{\"@type\":\"ReadAction\",\"target\":[\"https:\/\/segwaytours.lu\/?page_id=13\"]}]},{\"@type\":\"BreadcrumbList\",\"@id\":\"https:\/\/segwaytours.lu\/?page_id=13#breadcrumb\",\"itemListElement\":[{\"@type\":\"ListItem\",\"position\":1,\"name\":\"Home\",\"item\":\"https:\/\/segwaytours.lu\/\"},{\"@type\":\"ListItem\",\"position\":2,\"name\":\"R\u00e9server\"}]},{\"@type\":\"WebSite\",\"@id\":\"https:\/\/segwaytours.lu\/#website\",\"url\":\"https:\/\/segwaytours.lu\/\",\"name\":\"Segwaytours.lu\",\"description\":\"Segwaytours Luxembourg\",\"potentialAction\":[{\"@type\":\"SearchAction\",\"target\":{\"@type\":\"EntryPoint\",\"urlTemplate\":\"https:\/\/segwaytours.lu\/?s={search_term_string}\"},\"query-input\":{\"@type\":\"PropertyValueSpecification\",\"valueRequired\":true,\"valueName\":\"search_term_string\"}}],\"inLanguage\":\"fr-FR\"}]}<\/script>\n<!-- \/ Yoast SEO plugin. -->","yoast_head_json":{"title":"Segwaytours.lu - Caldendrier et R\u00e9servation - Tours","description":"Segwaytours.lu Calendrier R\u00e9servation Luxembourg by Night Ellergronn RemichFond-de-Gras","robots":{"index":"index","follow":"follow","max-snippet":"max-snippet:-1","max-image-preview":"max-image-preview:large","max-video-preview":"max-video-preview:-1"},"canonical":"https:\/\/segwaytours.lu\/?page_id=13","og_locale":"fr_FR","og_type":"article","og_title":"Segwaytours.lu - Caldendrier et R\u00e9servation - Tours","og_description":"Segwaytours.lu Calendrier R\u00e9servation Luxembourg by Night Ellergronn RemichFond-de-Gras","og_url":"https:\/\/segwaytours.lu\/?page_id=13","og_site_name":"Segwaytours.lu","article_modified_time":"2022-07-13T08:03:54+00:00","twitter_misc":{"Dur\u00e9e de lecture estim\u00e9e":"1 minute"},"schema":{"@context":"https:\/\/schema.org","@graph":[{"@type":"WebPage","@id":"https:\/\/segwaytours.lu\/?page_id=13","url":"https:\/\/segwaytours.lu\/?page_id=13","name":"Segwaytours.lu - Caldendrier et R\u00e9servation - Tours","isPartOf":{"@id":"https:\/\/segwaytours.lu\/#website"},"datePublished":"2014-04-21T18:32:19+00:00","dateModified":"2022-07-13T08:03:54+00:00","description":"Segwaytours.lu Calendrier R\u00e9servation Luxembourg by Night Ellergronn RemichFond-de-Gras","breadcrumb":{"@id":"https:\/\/segwaytours.lu\/?page_id=13#breadcrumb"},"inLanguage":"fr-FR","potentialAction":[{"@type":"ReadAction","target":["https:\/\/segwaytours.lu\/?page_id=13"]}]},{"@type":"BreadcrumbList","@id":"https:\/\/segwaytours.lu\/?page_id=13#breadcrumb","itemListElement":[{"@type":"ListItem","position":1,"name":"Home","item":"https:\/\/segwaytours.lu\/"},{"@type":"ListItem","position":2,"name":"R\u00e9server"}]},{"@type":"WebSite","@id":"https:\/\/segwaytours.lu\/#website","url":"https:\/\/segwaytours.lu\/","name":"Segwaytours.lu","description":"Segwaytours Luxembourg","potentialAction":[{"@type":"SearchAction","target":{"@type":"EntryPoint","urlTemplate":"https:\/\/segwaytours.lu\/?s={search_term_string}"},"query-input":{"@type":"PropertyValueSpecification","valueRequired":true,"valueName":"search_term_string"}}],"inLanguage":"fr-FR"}]}},"jetpack_sharing_enabled":true,"jetpack_shortlink":"https:\/\/wp.me\/Pat8jx-d","_links":{"self":[{"href":"https:\/\/segwaytours.lu\/index.php?rest_route=\/wp\/v2\/pages\/13"}],"collection":[{"href":"https:\/\/segwaytours.lu\/index.php?rest_route=\/wp\/v2\/pages"}],"about":[{"href":"https:\/\/segwaytours.lu\/index.php?rest_route=\/wp\/v2\/types\/page"}],"author":[{"embeddable":true,"href":"https:\/\/segwaytours.lu\/index.php?rest_route=\/wp\/v2\/users\/2"}],"replies":[{"embeddable":true,"href":"https:\/\/segwaytours.lu\/index.php?rest_route=%2Fwp%2Fv2%2Fcomments&post=13"}],"version-history":[{"count":10,"href":"https:\/\/segwaytours.lu\/index.php?rest_route=\/wp\/v2\/pages\/13\/revisions"}],"predecessor-version":[{"id":4255,"href":"https:\/\/segwaytours.lu\/index.php?rest_route=\/wp\/v2\/pages\/13\/revisions\/4255"}],"wp:attachment":[{"href":"https:\/\/segwaytours.lu\/index.php?rest_route=%2Fwp%2Fv2%2Fmedia&parent=13"}],"curies":[{"name":"wp","href":"https:\/\/api.w.org\/{rel}","templated":true}]}}